{"id":8385,"date":"2024-10-31T14:58:51","date_gmt":"2024-10-31T13:58:51","guid":{"rendered":"https:\/\/ruedeskin.com\/?post_type=product&#038;p=8385"},"modified":"2026-05-13T19:33:36","modified_gmt":"2026-05-13T17:33:36","slug":"serum-z-arbutyna","status":"publish","type":"product","link":"https:\/\/ruedeskin.com\/en\/product\/serum-z-arbutyna\/","title":{"rendered":"ALFA-ARBUTIN SERUM"},"content":{"rendered":"<p><span style=\"font-weight: 400;\">Serum with <span style=\"color: #0000ff;\"><a style=\"color: #0000ff;\" href=\"https:\/\/ruedeskin.com\/alfa-arbutyna-tajny-agent-depigmentacji\/\"><span style=\"color: #000000;\">alpha-arbutin<\/span><\/a><\/span> and kojic acid has been carefully prepared to maximize the potential to reduce existing <span style=\"color: #0000ff;\"><a style=\"color: #0000ff;\" href=\"https:\/\/ruedeskin.com\/przebarwienia-sloneczne-jak-powstaja-i-jak-poradzic-sobie-z-niechcianymi-pamiatkami-po-wakacjach\/\"><span style=\"color: #000000;\">discoloration<\/span><\/a><\/span> on the skin. It can be applied topically to selected body parts (except the eyelids).\u00a0<\/span><\/p>\n<p>&nbsp;<\/p>\n<p>&nbsp;<\/p>","protected":false},"excerpt":{"rendered":"<p><span style=\"font-weight: 400;\">Serum with <span style=\"color: #0000ff;\"><a style=\"color: #0000ff;\" href=\"https:\/\/ruedeskin.com\/alfa-arbutyna-tajny-agent-depigmentacji\/\"><span style=\"color: #000000;\">alpha-arbutin<\/span><\/a><\/span> and kojic acid has been carefully prepared to maximize the potential to reduce existing <span style=\"color: #0000ff;\"><a style=\"color: #0000ff;\" href=\"https:\/\/ruedeskin.com\/przebarwienia-sloneczne-jak-powstaja-i-jak-poradzic-sobie-z-niechcianymi-pamiatkami-po-wakacjach\/\"><span style=\"color: #000000;\">discoloration<\/span><\/a><\/span> on the skin. It can be applied topically to selected body parts (except the eyelids).\u00a0<\/span><\/p>","protected":false},"featured_media":42586,"comment_status":"open","ping_status":"closed","template":"","meta":{"_acf_changed":false},"product_brand":[],"product_cat":[95],"product_tag":[34,35,31,33,32],"class_list":{"0":"post-8385","1":"product","2":"type-product","3":"status-publish","4":"has-post-thumbnail","6":"product_cat-advanced","7":"product_tag-alfaarbutyna","8":"product_tag-kawas-kojowy","9":"product_tag-przebarwienia","10":"product_tag-serum","11":"product_tag-terapia-celowana","13":"first","14":"instock","15":"taxable","16":"shipping-taxable","17":"purchasable","18":"product-type-simple"},"bundled_by":[],"bundle_stock_status":"instock","bundle_stock_quantity":269,"bundle_virtual":false,"bundle_layout":"","bundle_add_to_cart_form_location":"","bundle_editable_in_cart":false,"bundle_sold_individually_context":"","bundle_item_grouping":"","bundle_min_size":"","bundle_max_size":"","bundle_price":[],"bundled_items":[],"bundle_sell_ids":[],"acf":[],"yoast_head":"<!-- This site is optimized with the Yoast SEO plugin v27.5 - https:\/\/yoast.com\/product\/yoast-seo-wordpress\/ -->\n<title>Najlepsze serum na przebarwienia - Serum z alfa-arbutyn\u0105 | Rue de Skin<\/title>\n<meta name=\"description\" content=\"Najlepsze serum z alfa-arbutyn\u0105 i kwasem kojowym. Rozja\u015bnia, redukuje przebarwienia, wyr\u00f3wnuje koloryt i przywraca blask. Ocena klientek: 5\/5\" \/>\n<meta name=\"robots\" content=\"index, follow, max-snippet:-1, max-image-preview:large, max-video-preview:-1\" \/>\n<link rel=\"canonical\" href=\"https:\/\/ruedeskin.com\/en\/product\/serum-z-arbutyna\/\" \/>\n<meta property=\"og:locale\" content=\"en_US\" \/>\n<meta property=\"og:type\" content=\"article\" \/>\n<meta property=\"og:title\" content=\"Najlepsze serum na przebarwienia - Serum z alfa-arbutyn\u0105 | Rue de Skin\" \/>\n<meta property=\"og:description\" content=\"Najlepsze serum z alfa-arbutyn\u0105 i kwasem kojowym. Rozja\u015bnia, redukuje przebarwienia, wyr\u00f3wnuje koloryt i przywraca blask. Ocena klientek: 5\/5\" \/>\n<meta property=\"og:url\" content=\"https:\/\/ruedeskin.com\/en\/product\/serum-z-arbutyna\/\" \/>\n<meta property=\"og:site_name\" content=\"Rue de Skin Cosmetics\" \/>\n<meta property=\"article:publisher\" content=\"https:\/\/www.facebook.com\/ruedeskincosmetics\" \/>\n<meta property=\"article:modified_time\" content=\"2026-05-13T17:33:36+00:00\" \/>\n<meta property=\"og:image\" content=\"https:\/\/ruedeskin.com\/wp-content\/uploads\/2025\/07\/alfa-arbutin-adv.jpg\" \/>\n\t<meta property=\"og:image:width\" content=\"1200\" \/>\n\t<meta property=\"og:image:height\" content=\"1201\" \/>\n\t<meta property=\"og:image:type\" content=\"image\/jpeg\" \/>\n<meta name=\"twitter:card\" content=\"summary_large_image\" \/>\n<meta name=\"twitter:label1\" content=\"Est. reading time\" \/>\n\t<meta name=\"twitter:data1\" content=\"1 minute\" \/>\n<script type=\"application\/ld+json\" class=\"yoast-schema-graph\">{\"@context\":\"https:\\\/\\\/schema.org\",\"@graph\":[{\"@type\":\"WebPage\",\"@id\":\"https:\\\/\\\/ruedeskin.com\\\/product\\\/serum-z-arbutyna\\\/\",\"url\":\"https:\\\/\\\/ruedeskin.com\\\/product\\\/serum-z-arbutyna\\\/\",\"name\":\"Najlepsze serum na przebarwienia - Serum z alfa-arbutyn\u0105 | Rue de Skin\",\"isPartOf\":{\"@id\":\"https:\\\/\\\/ruedeskin.com\\\/#website\"},\"primaryImageOfPage\":{\"@id\":\"https:\\\/\\\/ruedeskin.com\\\/product\\\/serum-z-arbutyna\\\/#primaryimage\"},\"image\":{\"@id\":\"https:\\\/\\\/ruedeskin.com\\\/product\\\/serum-z-arbutyna\\\/#primaryimage\"},\"thumbnailUrl\":\"https:\\\/\\\/ruedeskin.com\\\/wp-content\\\/uploads\\\/2025\\\/07\\\/alfa-arbutin-adv.jpg\",\"datePublished\":\"2024-10-31T13:58:51+00:00\",\"dateModified\":\"2026-05-13T17:33:36+00:00\",\"description\":\"Najlepsze serum z alfa-arbutyn\u0105 i kwasem kojowym. Rozja\u015bnia, redukuje przebarwienia, wyr\u00f3wnuje koloryt i przywraca blask. Ocena klientek: 5\\\/5\",\"breadcrumb\":{\"@id\":\"https:\\\/\\\/ruedeskin.com\\\/product\\\/serum-z-arbutyna\\\/#breadcrumb\"},\"inLanguage\":\"en-US\",\"potentialAction\":[{\"@type\":\"ReadAction\",\"target\":[\"https:\\\/\\\/ruedeskin.com\\\/product\\\/serum-z-arbutyna\\\/\"]}]},{\"@type\":\"ImageObject\",\"inLanguage\":\"en-US\",\"@id\":\"https:\\\/\\\/ruedeskin.com\\\/product\\\/serum-z-arbutyna\\\/#primaryimage\",\"url\":\"https:\\\/\\\/ruedeskin.com\\\/wp-content\\\/uploads\\\/2025\\\/07\\\/alfa-arbutin-adv.jpg\",\"contentUrl\":\"https:\\\/\\\/ruedeskin.com\\\/wp-content\\\/uploads\\\/2025\\\/07\\\/alfa-arbutin-adv.jpg\",\"width\":1200,\"height\":1201},{\"@type\":\"BreadcrumbList\",\"@id\":\"https:\\\/\\\/ruedeskin.com\\\/product\\\/serum-z-arbutyna\\\/#breadcrumb\",\"itemListElement\":[{\"@type\":\"ListItem\",\"position\":1,\"name\":\"Strona g\u0142\u00f3wna\",\"item\":\"https:\\\/\\\/ruedeskin.com\\\/\"},{\"@type\":\"ListItem\",\"position\":2,\"name\":\"SKLEP\",\"item\":\"https:\\\/\\\/ruedeskin.com\\\/sklep\\\/\"},{\"@type\":\"ListItem\",\"position\":3,\"name\":\"ALFA-ARBUTIN SERUM\"}]},{\"@type\":\"WebSite\",\"@id\":\"https:\\\/\\\/ruedeskin.com\\\/#website\",\"url\":\"https:\\\/\\\/ruedeskin.com\\\/\",\"name\":\"Rue de Skin Cosmetics\",\"description\":\"Profesjonalne kosmetyki do piel\u0119gnacji twarzy\",\"publisher\":{\"@id\":\"https:\\\/\\\/ruedeskin.com\\\/#organization\"},\"potentialAction\":[{\"@type\":\"SearchAction\",\"target\":{\"@type\":\"EntryPoint\",\"urlTemplate\":\"https:\\\/\\\/ruedeskin.com\\\/?s={search_term_string}\"},\"query-input\":{\"@type\":\"PropertyValueSpecification\",\"valueRequired\":true,\"valueName\":\"search_term_string\"}}],\"inLanguage\":\"en-US\"},{\"@type\":\"Organization\",\"@id\":\"https:\\\/\\\/ruedeskin.com\\\/#organization\",\"name\":\"Rue de Skin Cosmetics\",\"alternateName\":\"Rue de Skin\",\"url\":\"https:\\\/\\\/ruedeskin.com\\\/\",\"logo\":{\"@type\":\"ImageObject\",\"inLanguage\":\"en-US\",\"@id\":\"https:\\\/\\\/ruedeskin.com\\\/#\\\/schema\\\/logo\\\/image\\\/\",\"url\":\"https:\\\/\\\/ruedeskin.com\\\/wp-content\\\/uploads\\\/2023\\\/09\\\/cropped-logo_200_79-1.png\",\"contentUrl\":\"https:\\\/\\\/ruedeskin.com\\\/wp-content\\\/uploads\\\/2023\\\/09\\\/cropped-logo_200_79-1.png\",\"width\":834,\"height\":330,\"caption\":\"Rue de Skin Cosmetics\"},\"image\":{\"@id\":\"https:\\\/\\\/ruedeskin.com\\\/#\\\/schema\\\/logo\\\/image\\\/\"},\"sameAs\":[\"https:\\\/\\\/www.facebook.com\\\/ruedeskincosmetics\",\"https:\\\/\\\/pl.pinterest.com\\\/ruedeskin\",\"https:\\\/\\\/www.instagram.com\\\/ruedeskincosmetics\",\"https:\\\/\\\/www.youtube.com\\\/@RueDeSkinCosmetics\"]}]}<\/script>\n<!-- \/ Yoast SEO plugin. -->","yoast_head_json":{"title":"Najlepsze serum na przebarwienia - Serum z alfa-arbutyn\u0105 | Rue de Skin","description":"Najlepsze serum z alfa-arbutyn\u0105 i kwasem kojowym. Rozja\u015bnia, redukuje przebarwienia, wyr\u00f3wnuje koloryt i przywraca blask. Ocena klientek: 5\/5","robots":{"index":"index","follow":"follow","max-snippet":"max-snippet:-1","max-image-preview":"max-image-preview:large","max-video-preview":"max-video-preview:-1"},"canonical":"https:\/\/ruedeskin.com\/en\/product\/serum-z-arbutyna\/","og_locale":"en_US","og_type":"article","og_title":"Najlepsze serum na przebarwienia - Serum z alfa-arbutyn\u0105 | Rue de Skin","og_description":"Najlepsze serum z alfa-arbutyn\u0105 i kwasem kojowym. Rozja\u015bnia, redukuje przebarwienia, wyr\u00f3wnuje koloryt i przywraca blask. Ocena klientek: 5\/5","og_url":"https:\/\/ruedeskin.com\/en\/product\/serum-z-arbutyna\/","og_site_name":"Rue de Skin Cosmetics","article_publisher":"https:\/\/www.facebook.com\/ruedeskincosmetics","article_modified_time":"2026-05-13T17:33:36+00:00","og_image":[{"width":1200,"height":1201,"url":"https:\/\/ruedeskin.com\/wp-content\/uploads\/2025\/07\/alfa-arbutin-adv.jpg","type":"image\/jpeg"}],"twitter_card":"summary_large_image","twitter_misc":{"Est. reading time":"1 minute"},"schema":{"@context":"https:\/\/schema.org","@graph":[{"@type":"WebPage","@id":"https:\/\/ruedeskin.com\/product\/serum-z-arbutyna\/","url":"https:\/\/ruedeskin.com\/product\/serum-z-arbutyna\/","name":"Najlepsze serum na przebarwienia - Serum z alfa-arbutyn\u0105 | Rue de Skin","isPartOf":{"@id":"https:\/\/ruedeskin.com\/#website"},"primaryImageOfPage":{"@id":"https:\/\/ruedeskin.com\/product\/serum-z-arbutyna\/#primaryimage"},"image":{"@id":"https:\/\/ruedeskin.com\/product\/serum-z-arbutyna\/#primaryimage"},"thumbnailUrl":"https:\/\/ruedeskin.com\/wp-content\/uploads\/2025\/07\/alfa-arbutin-adv.jpg","datePublished":"2024-10-31T13:58:51+00:00","dateModified":"2026-05-13T17:33:36+00:00","description":"Najlepsze serum z alfa-arbutyn\u0105 i kwasem kojowym. Rozja\u015bnia, redukuje przebarwienia, wyr\u00f3wnuje koloryt i przywraca blask. Ocena klientek: 5\/5","breadcrumb":{"@id":"https:\/\/ruedeskin.com\/product\/serum-z-arbutyna\/#breadcrumb"},"inLanguage":"en-US","potentialAction":[{"@type":"ReadAction","target":["https:\/\/ruedeskin.com\/product\/serum-z-arbutyna\/"]}]},{"@type":"ImageObject","inLanguage":"en-US","@id":"https:\/\/ruedeskin.com\/product\/serum-z-arbutyna\/#primaryimage","url":"https:\/\/ruedeskin.com\/wp-content\/uploads\/2025\/07\/alfa-arbutin-adv.jpg","contentUrl":"https:\/\/ruedeskin.com\/wp-content\/uploads\/2025\/07\/alfa-arbutin-adv.jpg","width":1200,"height":1201},{"@type":"BreadcrumbList","@id":"https:\/\/ruedeskin.com\/product\/serum-z-arbutyna\/#breadcrumb","itemListElement":[{"@type":"ListItem","position":1,"name":"Strona g\u0142\u00f3wna","item":"https:\/\/ruedeskin.com\/"},{"@type":"ListItem","position":2,"name":"SKLEP","item":"https:\/\/ruedeskin.com\/sklep\/"},{"@type":"ListItem","position":3,"name":"ALFA-ARBUTIN SERUM"}]},{"@type":"WebSite","@id":"https:\/\/ruedeskin.com\/#website","url":"https:\/\/ruedeskin.com\/","name":"Rue de Skin Cosmetics","description":"Professional facial care cosmetics","publisher":{"@id":"https:\/\/ruedeskin.com\/#organization"},"potentialAction":[{"@type":"SearchAction","target":{"@type":"EntryPoint","urlTemplate":"https:\/\/ruedeskin.com\/?s={search_term_string}"},"query-input":{"@type":"PropertyValueSpecification","valueRequired":true,"valueName":"search_term_string"}}],"inLanguage":"en-US"},{"@type":"Organization","@id":"https:\/\/ruedeskin.com\/#organization","name":"Rue de Skin Cosmetics","alternateName":"Rue de Skin","url":"https:\/\/ruedeskin.com\/","logo":{"@type":"ImageObject","inLanguage":"en-US","@id":"https:\/\/ruedeskin.com\/#\/schema\/logo\/image\/","url":"https:\/\/ruedeskin.com\/wp-content\/uploads\/2023\/09\/cropped-logo_200_79-1.png","contentUrl":"https:\/\/ruedeskin.com\/wp-content\/uploads\/2023\/09\/cropped-logo_200_79-1.png","width":834,"height":330,"caption":"Rue de Skin Cosmetics"},"image":{"@id":"https:\/\/ruedeskin.com\/#\/schema\/logo\/image\/"},"sameAs":["https:\/\/www.facebook.com\/ruedeskincosmetics","https:\/\/pl.pinterest.com\/ruedeskin","https:\/\/www.instagram.com\/ruedeskincosmetics","https:\/\/www.youtube.com\/@RueDeSkinCosmetics"]}]}},"_links":{"self":[{"href":"https:\/\/ruedeskin.com\/en\/wp-json\/wp\/v2\/product\/8385","targetHints":{"allow":["GET"]}}],"collection":[{"href":"https:\/\/ruedeskin.com\/en\/wp-json\/wp\/v2\/product"}],"about":[{"href":"https:\/\/ruedeskin.com\/en\/wp-json\/wp\/v2\/types\/product"}],"replies":[{"embeddable":true,"href":"https:\/\/ruedeskin.com\/en\/wp-json\/wp\/v2\/comments?post=8385"}],"version-history":[{"count":17,"href":"https:\/\/ruedeskin.com\/en\/wp-json\/wp\/v2\/product\/8385\/revisions"}],"predecessor-version":[{"id":54840,"href":"https:\/\/ruedeskin.com\/en\/wp-json\/wp\/v2\/product\/8385\/revisions\/54840"}],"wp:featuredmedia":[{"embeddable":true,"href":"https:\/\/ruedeskin.com\/en\/wp-json\/wp\/v2\/media\/42586"}],"wp:attachment":[{"href":"https:\/\/ruedeskin.com\/en\/wp-json\/wp\/v2\/media?parent=8385"}],"wp:term":[{"taxonomy":"product_brand","embeddable":true,"href":"https:\/\/ruedeskin.com\/en\/wp-json\/wp\/v2\/product_brand?post=8385"},{"taxonomy":"product_cat","embeddable":true,"href":"https:\/\/ruedeskin.com\/en\/wp-json\/wp\/v2\/product_cat?post=8385"},{"taxonomy":"product_tag","embeddable":true,"href":"https:\/\/ruedeskin.com\/en\/wp-json\/wp\/v2\/product_tag?post=8385"}],"curies":[{"name":"wp","href":"https:\/\/api.w.org\/{rel}","templated":true}]}}