{"id":8384,"date":"2024-04-19T14:55:10","date_gmt":"2024-04-19T12:55:10","guid":{"rendered":"https:\/\/ruedeskin.com\/?post_type=product&#038;p=8384"},"modified":"2026-05-13T08:14:20","modified_gmt":"2026-05-13T06:14:20","slug":"anagen-booster","status":"publish","type":"product","link":"https:\/\/ruedeskin.com\/en\/product\/anagen-booster\/","title":{"rendered":"ANAGEN BOOSTER"},"content":{"rendered":"<p><span style=\"font-weight: 400;\">Care for your lashes with our specialized conditioner, which combines the power of hydrolyzed proteins with other key ingredients. This unique formula provides lashes with essential nutrients, supporting their growth phase, making them stronger, longer, and shinier.<\/span><\/p>\n<p>&nbsp;<\/p>","protected":false},"excerpt":{"rendered":"<p><span style=\"font-weight: 400;\">Care for your lashes with our specialized conditioner, which combines the power of hydrolyzed proteins with other key ingredients. This unique formula provides lashes with essential nutrients, supporting their growth phase, making them stronger, longer, and shinier.<\/span><\/p>","protected":false},"featured_media":42587,"comment_status":"open","ping_status":"closed","template":"","meta":{"_acf_changed":false},"product_brand":[],"product_cat":[95],"product_tag":[39,49,52,48,50,51],"class_list":{"0":"post-8384","1":"product","2":"type-product","3":"status-publish","4":"has-post-thumbnail","6":"product_cat-advanced","7":"product_tag-kolagen","8":"product_tag-odzywka-do-rzes","9":"product_tag-porost-wlosow","10":"product_tag-serum-na-noc","11":"product_tag-wzrost-rzes","12":"product_tag-zageszczenie","14":"first","15":"instock","16":"taxable","17":"shipping-taxable","18":"purchasable","19":"product-type-simple"},"bundled_by":["32682","38952"],"bundle_stock_status":"instock","bundle_stock_quantity":77,"bundle_virtual":false,"bundle_layout":"","bundle_add_to_cart_form_location":"","bundle_editable_in_cart":false,"bundle_sold_individually_context":"","bundle_item_grouping":"","bundle_min_size":"","bundle_max_size":"","bundle_price":[],"bundled_items":[],"bundle_sell_ids":[],"acf":[],"yoast_head":"<!-- This site is optimized with the Yoast SEO plugin v27.5 - https:\/\/yoast.com\/product\/yoast-seo-wordpress\/ -->\n<title>Anagen Booster Najlepsza od\u017cywka do rz\u0119s i brwi | Rue de Skin<\/title>\n<meta name=\"description\" content=\"Profesjonalne serum do rz\u0119s i brwi - kr\u00f3tkich, rzadkich i cienkich. Wzmacnia, wyd\u0142u\u017ca, pogrubia, zag\u0119szcza i regeneruje. Ocena klientek: 4.8\/5 (88 opinii)\" \/>\n<meta name=\"robots\" content=\"index, follow, max-snippet:-1, max-image-preview:large, max-video-preview:-1\" \/>\n<link rel=\"canonical\" href=\"https:\/\/ruedeskin.com\/en\/product\/anagen-booster\/\" \/>\n<meta property=\"og:locale\" content=\"en_US\" \/>\n<meta property=\"og:type\" content=\"article\" \/>\n<meta property=\"og:title\" content=\"Anagen Booster Najlepsza od\u017cywka do rz\u0119s i brwi | Rue de Skin\" \/>\n<meta property=\"og:description\" content=\"Profesjonalne serum do rz\u0119s i brwi - kr\u00f3tkich, rzadkich i cienkich. Wzmacnia, wyd\u0142u\u017ca, pogrubia, zag\u0119szcza i regeneruje. Ocena klientek: 4.8\/5 (88 opinii)\" \/>\n<meta property=\"og:url\" content=\"https:\/\/ruedeskin.com\/en\/product\/anagen-booster\/\" \/>\n<meta property=\"og:site_name\" content=\"Rue de Skin Cosmetics\" \/>\n<meta property=\"article:publisher\" content=\"https:\/\/www.facebook.com\/ruedeskincosmetics\" \/>\n<meta property=\"article:modified_time\" content=\"2026-05-13T06:14:20+00:00\" \/>\n<meta property=\"og:image\" content=\"https:\/\/ruedeskin.com\/wp-content\/uploads\/2025\/07\/anagen-booster-adv.jpg\" \/>\n\t<meta property=\"og:image:width\" content=\"1200\" \/>\n\t<meta property=\"og:image:height\" content=\"1200\" \/>\n\t<meta property=\"og:image:type\" content=\"image\/jpeg\" \/>\n<meta name=\"twitter:card\" content=\"summary_large_image\" \/>\n<meta name=\"twitter:label1\" content=\"Est. reading time\" \/>\n\t<meta name=\"twitter:data1\" content=\"1 minute\" \/>\n<script type=\"application\/ld+json\" class=\"yoast-schema-graph\">{\"@context\":\"https:\\\/\\\/schema.org\",\"@graph\":[{\"@type\":\"WebPage\",\"@id\":\"https:\\\/\\\/ruedeskin.com\\\/product\\\/anagen-booster\\\/\",\"url\":\"https:\\\/\\\/ruedeskin.com\\\/product\\\/anagen-booster\\\/\",\"name\":\"Anagen Booster Najlepsza od\u017cywka do rz\u0119s i brwi | Rue de Skin\",\"isPartOf\":{\"@id\":\"https:\\\/\\\/ruedeskin.com\\\/#website\"},\"primaryImageOfPage\":{\"@id\":\"https:\\\/\\\/ruedeskin.com\\\/product\\\/anagen-booster\\\/#primaryimage\"},\"image\":{\"@id\":\"https:\\\/\\\/ruedeskin.com\\\/product\\\/anagen-booster\\\/#primaryimage\"},\"thumbnailUrl\":\"https:\\\/\\\/ruedeskin.com\\\/wp-content\\\/uploads\\\/2025\\\/07\\\/anagen-booster-adv.jpg\",\"datePublished\":\"2024-04-19T12:55:10+00:00\",\"dateModified\":\"2026-05-13T06:14:20+00:00\",\"description\":\"Profesjonalne serum do rz\u0119s i brwi - kr\u00f3tkich, rzadkich i cienkich. Wzmacnia, wyd\u0142u\u017ca, pogrubia, zag\u0119szcza i regeneruje. Ocena klientek: 4.8\\\/5 (88 opinii)\",\"breadcrumb\":{\"@id\":\"https:\\\/\\\/ruedeskin.com\\\/product\\\/anagen-booster\\\/#breadcrumb\"},\"inLanguage\":\"en-US\",\"potentialAction\":[{\"@type\":\"ReadAction\",\"target\":[\"https:\\\/\\\/ruedeskin.com\\\/product\\\/anagen-booster\\\/\"]}]},{\"@type\":\"ImageObject\",\"inLanguage\":\"en-US\",\"@id\":\"https:\\\/\\\/ruedeskin.com\\\/product\\\/anagen-booster\\\/#primaryimage\",\"url\":\"https:\\\/\\\/ruedeskin.com\\\/wp-content\\\/uploads\\\/2025\\\/07\\\/anagen-booster-adv.jpg\",\"contentUrl\":\"https:\\\/\\\/ruedeskin.com\\\/wp-content\\\/uploads\\\/2025\\\/07\\\/anagen-booster-adv.jpg\",\"width\":1200,\"height\":1200},{\"@type\":\"BreadcrumbList\",\"@id\":\"https:\\\/\\\/ruedeskin.com\\\/product\\\/anagen-booster\\\/#breadcrumb\",\"itemListElement\":[{\"@type\":\"ListItem\",\"position\":1,\"name\":\"Strona g\u0142\u00f3wna\",\"item\":\"https:\\\/\\\/ruedeskin.com\\\/\"},{\"@type\":\"ListItem\",\"position\":2,\"name\":\"SKLEP\",\"item\":\"https:\\\/\\\/ruedeskin.com\\\/sklep\\\/\"},{\"@type\":\"ListItem\",\"position\":3,\"name\":\"ANAGEN BOOSTER\"}]},{\"@type\":\"WebSite\",\"@id\":\"https:\\\/\\\/ruedeskin.com\\\/#website\",\"url\":\"https:\\\/\\\/ruedeskin.com\\\/\",\"name\":\"Rue de Skin Cosmetics\",\"description\":\"Profesjonalne kosmetyki do piel\u0119gnacji twarzy\",\"publisher\":{\"@id\":\"https:\\\/\\\/ruedeskin.com\\\/#organization\"},\"potentialAction\":[{\"@type\":\"SearchAction\",\"target\":{\"@type\":\"EntryPoint\",\"urlTemplate\":\"https:\\\/\\\/ruedeskin.com\\\/?s={search_term_string}\"},\"query-input\":{\"@type\":\"PropertyValueSpecification\",\"valueRequired\":true,\"valueName\":\"search_term_string\"}}],\"inLanguage\":\"en-US\"},{\"@type\":\"Organization\",\"@id\":\"https:\\\/\\\/ruedeskin.com\\\/#organization\",\"name\":\"Rue de Skin Cosmetics\",\"alternateName\":\"Rue de Skin\",\"url\":\"https:\\\/\\\/ruedeskin.com\\\/\",\"logo\":{\"@type\":\"ImageObject\",\"inLanguage\":\"en-US\",\"@id\":\"https:\\\/\\\/ruedeskin.com\\\/#\\\/schema\\\/logo\\\/image\\\/\",\"url\":\"https:\\\/\\\/ruedeskin.com\\\/wp-content\\\/uploads\\\/2023\\\/09\\\/cropped-logo_200_79-1.png\",\"contentUrl\":\"https:\\\/\\\/ruedeskin.com\\\/wp-content\\\/uploads\\\/2023\\\/09\\\/cropped-logo_200_79-1.png\",\"width\":834,\"height\":330,\"caption\":\"Rue de Skin Cosmetics\"},\"image\":{\"@id\":\"https:\\\/\\\/ruedeskin.com\\\/#\\\/schema\\\/logo\\\/image\\\/\"},\"sameAs\":[\"https:\\\/\\\/www.facebook.com\\\/ruedeskincosmetics\",\"https:\\\/\\\/pl.pinterest.com\\\/ruedeskin\",\"https:\\\/\\\/www.instagram.com\\\/ruedeskincosmetics\",\"https:\\\/\\\/www.youtube.com\\\/@RueDeSkinCosmetics\"]}]}<\/script>\n<!-- \/ Yoast SEO plugin. -->","yoast_head_json":{"title":"Anagen Booster Najlepsza od\u017cywka do rz\u0119s i brwi | Rue de Skin","description":"Profesjonalne serum do rz\u0119s i brwi - kr\u00f3tkich, rzadkich i cienkich. Wzmacnia, wyd\u0142u\u017ca, pogrubia, zag\u0119szcza i regeneruje. Ocena klientek: 4.8\/5 (88 opinii)","robots":{"index":"index","follow":"follow","max-snippet":"max-snippet:-1","max-image-preview":"max-image-preview:large","max-video-preview":"max-video-preview:-1"},"canonical":"https:\/\/ruedeskin.com\/en\/product\/anagen-booster\/","og_locale":"en_US","og_type":"article","og_title":"Anagen Booster Najlepsza od\u017cywka do rz\u0119s i brwi | Rue de Skin","og_description":"Profesjonalne serum do rz\u0119s i brwi - kr\u00f3tkich, rzadkich i cienkich. Wzmacnia, wyd\u0142u\u017ca, pogrubia, zag\u0119szcza i regeneruje. Ocena klientek: 4.8\/5 (88 opinii)","og_url":"https:\/\/ruedeskin.com\/en\/product\/anagen-booster\/","og_site_name":"Rue de Skin Cosmetics","article_publisher":"https:\/\/www.facebook.com\/ruedeskincosmetics","article_modified_time":"2026-05-13T06:14:20+00:00","og_image":[{"width":1200,"height":1200,"url":"https:\/\/ruedeskin.com\/wp-content\/uploads\/2025\/07\/anagen-booster-adv.jpg","type":"image\/jpeg"}],"twitter_card":"summary_large_image","twitter_misc":{"Est. reading time":"1 minute"},"schema":{"@context":"https:\/\/schema.org","@graph":[{"@type":"WebPage","@id":"https:\/\/ruedeskin.com\/product\/anagen-booster\/","url":"https:\/\/ruedeskin.com\/product\/anagen-booster\/","name":"Anagen Booster Najlepsza od\u017cywka do rz\u0119s i brwi | Rue de Skin","isPartOf":{"@id":"https:\/\/ruedeskin.com\/#website"},"primaryImageOfPage":{"@id":"https:\/\/ruedeskin.com\/product\/anagen-booster\/#primaryimage"},"image":{"@id":"https:\/\/ruedeskin.com\/product\/anagen-booster\/#primaryimage"},"thumbnailUrl":"https:\/\/ruedeskin.com\/wp-content\/uploads\/2025\/07\/anagen-booster-adv.jpg","datePublished":"2024-04-19T12:55:10+00:00","dateModified":"2026-05-13T06:14:20+00:00","description":"Profesjonalne serum do rz\u0119s i brwi - kr\u00f3tkich, rzadkich i cienkich. Wzmacnia, wyd\u0142u\u017ca, pogrubia, zag\u0119szcza i regeneruje. Ocena klientek: 4.8\/5 (88 opinii)","breadcrumb":{"@id":"https:\/\/ruedeskin.com\/product\/anagen-booster\/#breadcrumb"},"inLanguage":"en-US","potentialAction":[{"@type":"ReadAction","target":["https:\/\/ruedeskin.com\/product\/anagen-booster\/"]}]},{"@type":"ImageObject","inLanguage":"en-US","@id":"https:\/\/ruedeskin.com\/product\/anagen-booster\/#primaryimage","url":"https:\/\/ruedeskin.com\/wp-content\/uploads\/2025\/07\/anagen-booster-adv.jpg","contentUrl":"https:\/\/ruedeskin.com\/wp-content\/uploads\/2025\/07\/anagen-booster-adv.jpg","width":1200,"height":1200},{"@type":"BreadcrumbList","@id":"https:\/\/ruedeskin.com\/product\/anagen-booster\/#breadcrumb","itemListElement":[{"@type":"ListItem","position":1,"name":"Strona g\u0142\u00f3wna","item":"https:\/\/ruedeskin.com\/"},{"@type":"ListItem","position":2,"name":"SKLEP","item":"https:\/\/ruedeskin.com\/sklep\/"},{"@type":"ListItem","position":3,"name":"ANAGEN BOOSTER"}]},{"@type":"WebSite","@id":"https:\/\/ruedeskin.com\/#website","url":"https:\/\/ruedeskin.com\/","name":"Rue de Skin Cosmetics","description":"Professional facial care cosmetics","publisher":{"@id":"https:\/\/ruedeskin.com\/#organization"},"potentialAction":[{"@type":"SearchAction","target":{"@type":"EntryPoint","urlTemplate":"https:\/\/ruedeskin.com\/?s={search_term_string}"},"query-input":{"@type":"PropertyValueSpecification","valueRequired":true,"valueName":"search_term_string"}}],"inLanguage":"en-US"},{"@type":"Organization","@id":"https:\/\/ruedeskin.com\/#organization","name":"Rue de Skin Cosmetics","alternateName":"Rue de Skin","url":"https:\/\/ruedeskin.com\/","logo":{"@type":"ImageObject","inLanguage":"en-US","@id":"https:\/\/ruedeskin.com\/#\/schema\/logo\/image\/","url":"https:\/\/ruedeskin.com\/wp-content\/uploads\/2023\/09\/cropped-logo_200_79-1.png","contentUrl":"https:\/\/ruedeskin.com\/wp-content\/uploads\/2023\/09\/cropped-logo_200_79-1.png","width":834,"height":330,"caption":"Rue de Skin Cosmetics"},"image":{"@id":"https:\/\/ruedeskin.com\/#\/schema\/logo\/image\/"},"sameAs":["https:\/\/www.facebook.com\/ruedeskincosmetics","https:\/\/pl.pinterest.com\/ruedeskin","https:\/\/www.instagram.com\/ruedeskincosmetics","https:\/\/www.youtube.com\/@RueDeSkinCosmetics"]}]}},"_links":{"self":[{"href":"https:\/\/ruedeskin.com\/en\/wp-json\/wp\/v2\/product\/8384","targetHints":{"allow":["GET"]}}],"collection":[{"href":"https:\/\/ruedeskin.com\/en\/wp-json\/wp\/v2\/product"}],"about":[{"href":"https:\/\/ruedeskin.com\/en\/wp-json\/wp\/v2\/types\/product"}],"replies":[{"embeddable":true,"href":"https:\/\/ruedeskin.com\/en\/wp-json\/wp\/v2\/comments?post=8384"}],"version-history":[{"count":11,"href":"https:\/\/ruedeskin.com\/en\/wp-json\/wp\/v2\/product\/8384\/revisions"}],"predecessor-version":[{"id":54837,"href":"https:\/\/ruedeskin.com\/en\/wp-json\/wp\/v2\/product\/8384\/revisions\/54837"}],"wp:featuredmedia":[{"embeddable":true,"href":"https:\/\/ruedeskin.com\/en\/wp-json\/wp\/v2\/media\/42587"}],"wp:attachment":[{"href":"https:\/\/ruedeskin.com\/en\/wp-json\/wp\/v2\/media?parent=8384"}],"wp:term":[{"taxonomy":"product_brand","embeddable":true,"href":"https:\/\/ruedeskin.com\/en\/wp-json\/wp\/v2\/product_brand?post=8384"},{"taxonomy":"product_cat","embeddable":true,"href":"https:\/\/ruedeskin.com\/en\/wp-json\/wp\/v2\/product_cat?post=8384"},{"taxonomy":"product_tag","embeddable":true,"href":"https:\/\/ruedeskin.com\/en\/wp-json\/wp\/v2\/product_tag?post=8384"}],"curies":[{"name":"wp","href":"https:\/\/api.w.org\/{rel}","templated":true}]}}