{"id":39005,"date":"2025-11-25T17:33:30","date_gmt":"2025-11-25T16:33:30","guid":{"rendered":"https:\/\/ruedeskin.com\/?post_type=product&#038;p=39005"},"modified":"2026-01-11T18:53:07","modified_gmt":"2026-01-11T17:53:07","slug":"box-start","status":"publish","type":"product","link":"https:\/\/ruedeskin.com\/en\/product\/box-start\/","title":{"rendered":"BOX START"},"content":{"rendered":"<p><span style=\"font-weight: 400;\">Carefully crafted compositions of bestsellers that make the perfect gift for anyone. We&#039;ve created professional sets in an elegant, festive package \u2013 for those who value quality and don&#039;t want to waste time on wrapping.<\/span> <span style=\"font-weight: 400;\">Order by December 20th and your gifts will arrive on time. Enjoy a peaceful holiday without the stress and rush \u2013 we&#039;ll take care of the rest.<\/span><\/p>","protected":false},"excerpt":{"rendered":"<p>Carefully crafted compositions of bestsellers that create the perfect gift for everyone. We&#039;ve created professional sets in an elegant, festive package\u2014for those who value quality and don&#039;t want to waste time on wrapping. Order by December 20th, and your gifts will arrive on time. Enjoy a peaceful holiday without the stress and rush\u2014we&#039;ll take care of the rest.<\/p>","protected":false},"featured_media":38958,"comment_status":"open","ping_status":"closed","template":"","meta":{"_acf_changed":false},"product_brand":[],"product_cat":[148],"product_tag":[152],"class_list":{"0":"post-39005","1":"product","2":"type-product","3":"status-publish","4":"has-post-thumbnail","6":"product_cat-zestaw-box","7":"product_tag-box-start","9":"first","10":"outofstock","11":"sale","12":"taxable","13":"shipping-taxable","14":"purchasable","15":"product-type-simple"},"bundled_by":[],"bundle_stock_status":"outofstock","bundle_stock_quantity":0,"bundle_virtual":false,"bundle_layout":"","bundle_add_to_cart_form_location":"","bundle_editable_in_cart":false,"bundle_sold_individually_context":"","bundle_item_grouping":"","bundle_min_size":"","bundle_max_size":"","bundle_price":[],"bundled_items":[],"bundle_sell_ids":[],"acf":[],"yoast_head":"<!-- This site is optimized with the Yoast SEO plugin v27.5 - https:\/\/yoast.com\/product\/yoast-seo-wordpress\/ -->\n<title>BOX START &#8211; Rue de Skin Cosmetics<\/title>\n<meta name=\"robots\" content=\"index, follow, max-snippet:-1, max-image-preview:large, max-video-preview:-1\" \/>\n<link rel=\"canonical\" href=\"https:\/\/ruedeskin.com\/en\/product\/box-start\/\" \/>\n<meta property=\"og:locale\" content=\"en_US\" \/>\n<meta property=\"og:type\" content=\"article\" \/>\n<meta property=\"og:title\" content=\"BOX START &#8211; Rue de Skin Cosmetics\" \/>\n<meta property=\"og:description\" content=\"Przemy\u015blane kompozycje bestseller\u00f3w, kt\u00f3re tworz\u0105 idealny prezent dla ka\u017cdego. Stworzyli\u015bmy profesjonalne zestawy zamkni\u0119te w eleganckim, \u015bwi\u0105tecznym wydaniu \u2013 dla tych, kt\u00f3rzy ceni\u0105 jako\u015b\u0107 i nie chc\u0105 traci\u0107 czasu na pakowanie. Zam\u00f3w do 20 grudnia, a Twoje prezenty dotr\u0105 na czas. Spokojne \u015awi\u0119ta bez stresu i po\u015bpiechu \u2013 my zadbamy o reszt\u0119.\" \/>\n<meta property=\"og:url\" content=\"https:\/\/ruedeskin.com\/en\/product\/box-start\/\" \/>\n<meta property=\"og:site_name\" content=\"Rue de Skin Cosmetics\" \/>\n<meta property=\"article:publisher\" content=\"https:\/\/www.facebook.com\/ruedeskincosmetics\" \/>\n<meta property=\"article:modified_time\" content=\"2026-01-11T17:53:07+00:00\" \/>\n<meta property=\"og:image\" content=\"https:\/\/ruedeskin.com\/wp-content\/uploads\/2025\/11\/ZESTAW-START-PROD-3.jpg\" \/>\n\t<meta property=\"og:image:width\" content=\"1000\" \/>\n\t<meta property=\"og:image:height\" content=\"1000\" \/>\n\t<meta property=\"og:image:type\" content=\"image\/jpeg\" \/>\n<meta name=\"twitter:card\" content=\"summary_large_image\" \/>\n<meta name=\"twitter:label1\" content=\"Est. reading time\" \/>\n\t<meta name=\"twitter:data1\" content=\"1 minute\" \/>\n<script type=\"application\/ld+json\" class=\"yoast-schema-graph\">{\"@context\":\"https:\\\/\\\/schema.org\",\"@graph\":[{\"@type\":\"WebPage\",\"@id\":\"https:\\\/\\\/ruedeskin.com\\\/product\\\/box-start\\\/\",\"url\":\"https:\\\/\\\/ruedeskin.com\\\/product\\\/box-start\\\/\",\"name\":\"BOX START &#8211; Rue de Skin Cosmetics\",\"isPartOf\":{\"@id\":\"https:\\\/\\\/ruedeskin.com\\\/#website\"},\"primaryImageOfPage\":{\"@id\":\"https:\\\/\\\/ruedeskin.com\\\/product\\\/box-start\\\/#primaryimage\"},\"image\":{\"@id\":\"https:\\\/\\\/ruedeskin.com\\\/product\\\/box-start\\\/#primaryimage\"},\"thumbnailUrl\":\"https:\\\/\\\/ruedeskin.com\\\/wp-content\\\/uploads\\\/2025\\\/11\\\/ZESTAW-START-PROD-3.jpg\",\"datePublished\":\"2025-11-25T16:33:30+00:00\",\"dateModified\":\"2026-01-11T17:53:07+00:00\",\"breadcrumb\":{\"@id\":\"https:\\\/\\\/ruedeskin.com\\\/product\\\/box-start\\\/#breadcrumb\"},\"inLanguage\":\"en-US\",\"potentialAction\":[{\"@type\":\"ReadAction\",\"target\":[\"https:\\\/\\\/ruedeskin.com\\\/product\\\/box-start\\\/\"]}]},{\"@type\":\"ImageObject\",\"inLanguage\":\"en-US\",\"@id\":\"https:\\\/\\\/ruedeskin.com\\\/product\\\/box-start\\\/#primaryimage\",\"url\":\"https:\\\/\\\/ruedeskin.com\\\/wp-content\\\/uploads\\\/2025\\\/11\\\/ZESTAW-START-PROD-3.jpg\",\"contentUrl\":\"https:\\\/\\\/ruedeskin.com\\\/wp-content\\\/uploads\\\/2025\\\/11\\\/ZESTAW-START-PROD-3.jpg\",\"width\":1000,\"height\":1000},{\"@type\":\"BreadcrumbList\",\"@id\":\"https:\\\/\\\/ruedeskin.com\\\/product\\\/box-start\\\/#breadcrumb\",\"itemListElement\":[{\"@type\":\"ListItem\",\"position\":1,\"name\":\"Strona g\u0142\u00f3wna\",\"item\":\"https:\\\/\\\/ruedeskin.com\\\/\"},{\"@type\":\"ListItem\",\"position\":2,\"name\":\"SKLEP\",\"item\":\"https:\\\/\\\/ruedeskin.com\\\/sklep\\\/\"},{\"@type\":\"ListItem\",\"position\":3,\"name\":\"BOX START\"}]},{\"@type\":\"WebSite\",\"@id\":\"https:\\\/\\\/ruedeskin.com\\\/#website\",\"url\":\"https:\\\/\\\/ruedeskin.com\\\/\",\"name\":\"Rue de Skin Cosmetics\",\"description\":\"Profesjonalne kosmetyki do piel\u0119gnacji twarzy\",\"publisher\":{\"@id\":\"https:\\\/\\\/ruedeskin.com\\\/#organization\"},\"potentialAction\":[{\"@type\":\"SearchAction\",\"target\":{\"@type\":\"EntryPoint\",\"urlTemplate\":\"https:\\\/\\\/ruedeskin.com\\\/?s={search_term_string}\"},\"query-input\":{\"@type\":\"PropertyValueSpecification\",\"valueRequired\":true,\"valueName\":\"search_term_string\"}}],\"inLanguage\":\"en-US\"},{\"@type\":\"Organization\",\"@id\":\"https:\\\/\\\/ruedeskin.com\\\/#organization\",\"name\":\"Rue de Skin Cosmetics\",\"alternateName\":\"Rue de Skin\",\"url\":\"https:\\\/\\\/ruedeskin.com\\\/\",\"logo\":{\"@type\":\"ImageObject\",\"inLanguage\":\"en-US\",\"@id\":\"https:\\\/\\\/ruedeskin.com\\\/#\\\/schema\\\/logo\\\/image\\\/\",\"url\":\"https:\\\/\\\/ruedeskin.com\\\/wp-content\\\/uploads\\\/2023\\\/09\\\/cropped-logo_200_79-1.png\",\"contentUrl\":\"https:\\\/\\\/ruedeskin.com\\\/wp-content\\\/uploads\\\/2023\\\/09\\\/cropped-logo_200_79-1.png\",\"width\":834,\"height\":330,\"caption\":\"Rue de Skin Cosmetics\"},\"image\":{\"@id\":\"https:\\\/\\\/ruedeskin.com\\\/#\\\/schema\\\/logo\\\/image\\\/\"},\"sameAs\":[\"https:\\\/\\\/www.facebook.com\\\/ruedeskincosmetics\",\"https:\\\/\\\/pl.pinterest.com\\\/ruedeskin\",\"https:\\\/\\\/www.instagram.com\\\/ruedeskincosmetics\",\"https:\\\/\\\/www.youtube.com\\\/@RueDeSkinCosmetics\"]}]}<\/script>\n<!-- \/ Yoast SEO plugin. -->","yoast_head_json":{"title":"BOX START &#8211; Rue de Skin Cosmetics","robots":{"index":"index","follow":"follow","max-snippet":"max-snippet:-1","max-image-preview":"max-image-preview:large","max-video-preview":"max-video-preview:-1"},"canonical":"https:\/\/ruedeskin.com\/en\/product\/box-start\/","og_locale":"en_US","og_type":"article","og_title":"BOX START &#8211; Rue de Skin Cosmetics","og_description":"Przemy\u015blane kompozycje bestseller\u00f3w, kt\u00f3re tworz\u0105 idealny prezent dla ka\u017cdego. Stworzyli\u015bmy profesjonalne zestawy zamkni\u0119te w eleganckim, \u015bwi\u0105tecznym wydaniu \u2013 dla tych, kt\u00f3rzy ceni\u0105 jako\u015b\u0107 i nie chc\u0105 traci\u0107 czasu na pakowanie. Zam\u00f3w do 20 grudnia, a Twoje prezenty dotr\u0105 na czas. Spokojne \u015awi\u0119ta bez stresu i po\u015bpiechu \u2013 my zadbamy o reszt\u0119.","og_url":"https:\/\/ruedeskin.com\/en\/product\/box-start\/","og_site_name":"Rue de Skin Cosmetics","article_publisher":"https:\/\/www.facebook.com\/ruedeskincosmetics","article_modified_time":"2026-01-11T17:53:07+00:00","og_image":[{"width":1000,"height":1000,"url":"https:\/\/ruedeskin.com\/wp-content\/uploads\/2025\/11\/ZESTAW-START-PROD-3.jpg","type":"image\/jpeg"}],"twitter_card":"summary_large_image","twitter_misc":{"Est. reading time":"1 minute"},"schema":{"@context":"https:\/\/schema.org","@graph":[{"@type":"WebPage","@id":"https:\/\/ruedeskin.com\/product\/box-start\/","url":"https:\/\/ruedeskin.com\/product\/box-start\/","name":"BOX START &#8211; Rue de Skin Cosmetics","isPartOf":{"@id":"https:\/\/ruedeskin.com\/#website"},"primaryImageOfPage":{"@id":"https:\/\/ruedeskin.com\/product\/box-start\/#primaryimage"},"image":{"@id":"https:\/\/ruedeskin.com\/product\/box-start\/#primaryimage"},"thumbnailUrl":"https:\/\/ruedeskin.com\/wp-content\/uploads\/2025\/11\/ZESTAW-START-PROD-3.jpg","datePublished":"2025-11-25T16:33:30+00:00","dateModified":"2026-01-11T17:53:07+00:00","breadcrumb":{"@id":"https:\/\/ruedeskin.com\/product\/box-start\/#breadcrumb"},"inLanguage":"en-US","potentialAction":[{"@type":"ReadAction","target":["https:\/\/ruedeskin.com\/product\/box-start\/"]}]},{"@type":"ImageObject","inLanguage":"en-US","@id":"https:\/\/ruedeskin.com\/product\/box-start\/#primaryimage","url":"https:\/\/ruedeskin.com\/wp-content\/uploads\/2025\/11\/ZESTAW-START-PROD-3.jpg","contentUrl":"https:\/\/ruedeskin.com\/wp-content\/uploads\/2025\/11\/ZESTAW-START-PROD-3.jpg","width":1000,"height":1000},{"@type":"BreadcrumbList","@id":"https:\/\/ruedeskin.com\/product\/box-start\/#breadcrumb","itemListElement":[{"@type":"ListItem","position":1,"name":"Strona g\u0142\u00f3wna","item":"https:\/\/ruedeskin.com\/"},{"@type":"ListItem","position":2,"name":"SKLEP","item":"https:\/\/ruedeskin.com\/sklep\/"},{"@type":"ListItem","position":3,"name":"BOX START"}]},{"@type":"WebSite","@id":"https:\/\/ruedeskin.com\/#website","url":"https:\/\/ruedeskin.com\/","name":"Rue de Skin Cosmetics","description":"Professional facial care cosmetics","publisher":{"@id":"https:\/\/ruedeskin.com\/#organization"},"potentialAction":[{"@type":"SearchAction","target":{"@type":"EntryPoint","urlTemplate":"https:\/\/ruedeskin.com\/?s={search_term_string}"},"query-input":{"@type":"PropertyValueSpecification","valueRequired":true,"valueName":"search_term_string"}}],"inLanguage":"en-US"},{"@type":"Organization","@id":"https:\/\/ruedeskin.com\/#organization","name":"Rue de Skin Cosmetics","alternateName":"Rue de Skin","url":"https:\/\/ruedeskin.com\/","logo":{"@type":"ImageObject","inLanguage":"en-US","@id":"https:\/\/ruedeskin.com\/#\/schema\/logo\/image\/","url":"https:\/\/ruedeskin.com\/wp-content\/uploads\/2023\/09\/cropped-logo_200_79-1.png","contentUrl":"https:\/\/ruedeskin.com\/wp-content\/uploads\/2023\/09\/cropped-logo_200_79-1.png","width":834,"height":330,"caption":"Rue de Skin Cosmetics"},"image":{"@id":"https:\/\/ruedeskin.com\/#\/schema\/logo\/image\/"},"sameAs":["https:\/\/www.facebook.com\/ruedeskincosmetics","https:\/\/pl.pinterest.com\/ruedeskin","https:\/\/www.instagram.com\/ruedeskincosmetics","https:\/\/www.youtube.com\/@RueDeSkinCosmetics"]}]}},"_links":{"self":[{"href":"https:\/\/ruedeskin.com\/en\/wp-json\/wp\/v2\/product\/39005","targetHints":{"allow":["GET"]}}],"collection":[{"href":"https:\/\/ruedeskin.com\/en\/wp-json\/wp\/v2\/product"}],"about":[{"href":"https:\/\/ruedeskin.com\/en\/wp-json\/wp\/v2\/types\/product"}],"replies":[{"embeddable":true,"href":"https:\/\/ruedeskin.com\/en\/wp-json\/wp\/v2\/comments?post=39005"}],"version-history":[{"count":8,"href":"https:\/\/ruedeskin.com\/en\/wp-json\/wp\/v2\/product\/39005\/revisions"}],"predecessor-version":[{"id":39190,"href":"https:\/\/ruedeskin.com\/en\/wp-json\/wp\/v2\/product\/39005\/revisions\/39190"}],"wp:featuredmedia":[{"embeddable":true,"href":"https:\/\/ruedeskin.com\/en\/wp-json\/wp\/v2\/media\/38958"}],"wp:attachment":[{"href":"https:\/\/ruedeskin.com\/en\/wp-json\/wp\/v2\/media?parent=39005"}],"wp:term":[{"taxonomy":"product_brand","embeddable":true,"href":"https:\/\/ruedeskin.com\/en\/wp-json\/wp\/v2\/product_brand?post=39005"},{"taxonomy":"product_cat","embeddable":true,"href":"https:\/\/ruedeskin.com\/en\/wp-json\/wp\/v2\/product_cat?post=39005"},{"taxonomy":"product_tag","embeddable":true,"href":"https:\/\/ruedeskin.com\/en\/wp-json\/wp\/v2\/product_tag?post=39005"}],"curies":[{"name":"wp","href":"https:\/\/api.w.org\/{rel}","templated":true}]}}