{"id":37910,"date":"2025-11-13T18:40:06","date_gmt":"2025-11-13T17:40:06","guid":{"rendered":"https:\/\/ruedeskin.com\/?post_type=product&#038;p=37910"},"modified":"2026-05-13T17:26:29","modified_gmt":"2026-05-13T15:26:29","slug":"restart-spf-50","status":"publish","type":"product","link":"https:\/\/ruedeskin.com\/en\/product\/restart-spf-50\/","title":{"rendered":"RESTART SPF 50"},"content":{"rendered":"<p><span style=\"font-weight: 400;\">This pharmaceutical-grade product contains top-quality chemical filters, is non-sticky, leaves no white cast, and doesn&#039;t exacerbate imperfections. It works well with other RdS products. Importantly, you can safely reapply it over makeup and anywhere on your skin throughout the day. It doesn&#039;t leave yellow stains on your favorite clothes. It supports the effects of aesthetic medicine treatments, especially laser therapy (all types of lasers, including CO2 and thulium), BBL and IPL therapy, radiofrequency, and microneedling.<\/span><\/p>","protected":false},"excerpt":{"rendered":"<p><span style=\"font-weight: 400;\">This pharmaceutical-grade product contains top-quality chemical filters, is non-sticky, leaves no white cast, and doesn&#039;t exacerbate imperfections. It works well with other RdS products. Importantly, you can safely reapply it over makeup and anywhere on your skin throughout the day. It doesn&#039;t leave yellow stains on your favorite clothes. It supports the effects of aesthetic medicine treatments, especially laser therapy (all types of lasers, including CO2 and thulium), BBL and IPL therapy, radiofrequency, and microneedling.<\/span><\/p>","protected":false},"featured_media":42593,"comment_status":"open","ping_status":"closed","template":"","meta":{"_acf_changed":false},"product_brand":[],"product_cat":[132],"product_tag":[],"class_list":{"0":"post-37910","1":"product","2":"type-product","3":"status-publish","4":"has-post-thumbnail","6":"product_cat-132","8":"first","9":"instock","10":"taxable","11":"shipping-taxable","12":"purchasable","13":"product-type-simple"},"bundled_by":[],"bundle_stock_status":"instock","bundle_stock_quantity":2803,"bundle_virtual":false,"bundle_layout":"","bundle_add_to_cart_form_location":"","bundle_editable_in_cart":false,"bundle_sold_individually_context":"","bundle_item_grouping":"","bundle_min_size":"","bundle_max_size":"","bundle_price":[],"bundled_items":[],"bundle_sell_ids":[],"acf":[],"yoast_head":"<!-- This site is optimized with the Yoast SEO plugin v27.5 - https:\/\/yoast.com\/product\/yoast-seo-wordpress\/ -->\n<title>Najlepszy krem z filtrem SPF 50 (UVA + UVB) PA++++ | Rue de Skin<\/title>\n<meta name=\"description\" content=\"Najlepszy krem SPF 50 z filtrami UVA i UVB. Ultra lekka formu\u0142a nawil\u017caj\u0105ca. Idealna pod makija\u017c. Nie bieli sk\u00f3ry. Ocena klientek: 5\/5 (62 opinii)\" \/>\n<meta name=\"robots\" content=\"index, follow, max-snippet:-1, max-image-preview:large, max-video-preview:-1\" \/>\n<link rel=\"canonical\" href=\"https:\/\/ruedeskin.com\/en\/product\/restart-spf-50\/\" \/>\n<meta property=\"og:locale\" content=\"en_US\" \/>\n<meta property=\"og:type\" content=\"article\" \/>\n<meta property=\"og:title\" content=\"Najlepszy krem z filtrem SPF 50 (UVA + UVB) PA++++ | Rue de Skin\" \/>\n<meta property=\"og:description\" content=\"Najlepszy krem SPF 50 z filtrami UVA i UVB. Ultra lekka formu\u0142a nawil\u017caj\u0105ca. Idealna pod makija\u017c. Nie bieli sk\u00f3ry. Ocena klientek: 5\/5 (62 opinii)\" \/>\n<meta property=\"og:url\" content=\"https:\/\/ruedeskin.com\/en\/product\/restart-spf-50\/\" \/>\n<meta property=\"og:site_name\" content=\"Rue de Skin Cosmetics\" \/>\n<meta property=\"article:publisher\" content=\"https:\/\/www.facebook.com\/ruedeskincosmetics\" \/>\n<meta property=\"article:modified_time\" content=\"2026-05-13T15:26:29+00:00\" \/>\n<meta property=\"og:image\" content=\"https:\/\/ruedeskin.com\/wp-content\/uploads\/2025\/07\/restart-spf-365.jpg\" \/>\n\t<meta property=\"og:image:width\" content=\"1200\" \/>\n\t<meta property=\"og:image:height\" content=\"1200\" \/>\n\t<meta property=\"og:image:type\" content=\"image\/jpeg\" \/>\n<meta name=\"twitter:card\" content=\"summary_large_image\" \/>\n<meta name=\"twitter:label1\" content=\"Est. reading time\" \/>\n\t<meta name=\"twitter:data1\" content=\"1 minute\" \/>\n<script type=\"application\/ld+json\" class=\"yoast-schema-graph\">{\"@context\":\"https:\\\/\\\/schema.org\",\"@graph\":[{\"@type\":\"WebPage\",\"@id\":\"https:\\\/\\\/ruedeskin.com\\\/product\\\/restart-spf-50\\\/\",\"url\":\"https:\\\/\\\/ruedeskin.com\\\/product\\\/restart-spf-50\\\/\",\"name\":\"Najlepszy krem z filtrem SPF 50 (UVA + UVB) PA++++ | Rue de Skin\",\"isPartOf\":{\"@id\":\"https:\\\/\\\/ruedeskin.com\\\/#website\"},\"primaryImageOfPage\":{\"@id\":\"https:\\\/\\\/ruedeskin.com\\\/product\\\/restart-spf-50\\\/#primaryimage\"},\"image\":{\"@id\":\"https:\\\/\\\/ruedeskin.com\\\/product\\\/restart-spf-50\\\/#primaryimage\"},\"thumbnailUrl\":\"https:\\\/\\\/ruedeskin.com\\\/wp-content\\\/uploads\\\/2025\\\/07\\\/restart-spf-365.jpg\",\"datePublished\":\"2025-11-13T17:40:06+00:00\",\"dateModified\":\"2026-05-13T15:26:29+00:00\",\"description\":\"Najlepszy krem SPF 50 z filtrami UVA i UVB. Ultra lekka formu\u0142a nawil\u017caj\u0105ca. Idealna pod makija\u017c. Nie bieli sk\u00f3ry. Ocena klientek: 5\\\/5 (62 opinii)\",\"breadcrumb\":{\"@id\":\"https:\\\/\\\/ruedeskin.com\\\/product\\\/restart-spf-50\\\/#breadcrumb\"},\"inLanguage\":\"en-US\",\"potentialAction\":[{\"@type\":\"ReadAction\",\"target\":[\"https:\\\/\\\/ruedeskin.com\\\/product\\\/restart-spf-50\\\/\"]}]},{\"@type\":\"ImageObject\",\"inLanguage\":\"en-US\",\"@id\":\"https:\\\/\\\/ruedeskin.com\\\/product\\\/restart-spf-50\\\/#primaryimage\",\"url\":\"https:\\\/\\\/ruedeskin.com\\\/wp-content\\\/uploads\\\/2025\\\/07\\\/restart-spf-365.jpg\",\"contentUrl\":\"https:\\\/\\\/ruedeskin.com\\\/wp-content\\\/uploads\\\/2025\\\/07\\\/restart-spf-365.jpg\",\"width\":1200,\"height\":1200},{\"@type\":\"BreadcrumbList\",\"@id\":\"https:\\\/\\\/ruedeskin.com\\\/product\\\/restart-spf-50\\\/#breadcrumb\",\"itemListElement\":[{\"@type\":\"ListItem\",\"position\":1,\"name\":\"Strona g\u0142\u00f3wna\",\"item\":\"https:\\\/\\\/ruedeskin.com\\\/\"},{\"@type\":\"ListItem\",\"position\":2,\"name\":\"SKLEP\",\"item\":\"https:\\\/\\\/ruedeskin.com\\\/sklep\\\/\"},{\"@type\":\"ListItem\",\"position\":3,\"name\":\"RESTART SPF 50\"}]},{\"@type\":\"WebSite\",\"@id\":\"https:\\\/\\\/ruedeskin.com\\\/#website\",\"url\":\"https:\\\/\\\/ruedeskin.com\\\/\",\"name\":\"Rue de Skin Cosmetics\",\"description\":\"Profesjonalne kosmetyki do piel\u0119gnacji twarzy\",\"publisher\":{\"@id\":\"https:\\\/\\\/ruedeskin.com\\\/#organization\"},\"potentialAction\":[{\"@type\":\"SearchAction\",\"target\":{\"@type\":\"EntryPoint\",\"urlTemplate\":\"https:\\\/\\\/ruedeskin.com\\\/?s={search_term_string}\"},\"query-input\":{\"@type\":\"PropertyValueSpecification\",\"valueRequired\":true,\"valueName\":\"search_term_string\"}}],\"inLanguage\":\"en-US\"},{\"@type\":\"Organization\",\"@id\":\"https:\\\/\\\/ruedeskin.com\\\/#organization\",\"name\":\"Rue de Skin Cosmetics\",\"alternateName\":\"Rue de Skin\",\"url\":\"https:\\\/\\\/ruedeskin.com\\\/\",\"logo\":{\"@type\":\"ImageObject\",\"inLanguage\":\"en-US\",\"@id\":\"https:\\\/\\\/ruedeskin.com\\\/#\\\/schema\\\/logo\\\/image\\\/\",\"url\":\"https:\\\/\\\/ruedeskin.com\\\/wp-content\\\/uploads\\\/2023\\\/09\\\/cropped-logo_200_79-1.png\",\"contentUrl\":\"https:\\\/\\\/ruedeskin.com\\\/wp-content\\\/uploads\\\/2023\\\/09\\\/cropped-logo_200_79-1.png\",\"width\":834,\"height\":330,\"caption\":\"Rue de Skin Cosmetics\"},\"image\":{\"@id\":\"https:\\\/\\\/ruedeskin.com\\\/#\\\/schema\\\/logo\\\/image\\\/\"},\"sameAs\":[\"https:\\\/\\\/www.facebook.com\\\/ruedeskincosmetics\",\"https:\\\/\\\/pl.pinterest.com\\\/ruedeskin\",\"https:\\\/\\\/www.instagram.com\\\/ruedeskincosmetics\",\"https:\\\/\\\/www.youtube.com\\\/@RueDeSkinCosmetics\"]}]}<\/script>\n<!-- \/ Yoast SEO plugin. -->","yoast_head_json":{"title":"Najlepszy krem z filtrem SPF 50 (UVA + UVB) PA++++ | Rue de Skin","description":"Najlepszy krem SPF 50 z filtrami UVA i UVB. Ultra lekka formu\u0142a nawil\u017caj\u0105ca. Idealna pod makija\u017c. Nie bieli sk\u00f3ry. Ocena klientek: 5\/5 (62 opinii)","robots":{"index":"index","follow":"follow","max-snippet":"max-snippet:-1","max-image-preview":"max-image-preview:large","max-video-preview":"max-video-preview:-1"},"canonical":"https:\/\/ruedeskin.com\/en\/product\/restart-spf-50\/","og_locale":"en_US","og_type":"article","og_title":"Najlepszy krem z filtrem SPF 50 (UVA + UVB) PA++++ | Rue de Skin","og_description":"Najlepszy krem SPF 50 z filtrami UVA i UVB. Ultra lekka formu\u0142a nawil\u017caj\u0105ca. Idealna pod makija\u017c. Nie bieli sk\u00f3ry. Ocena klientek: 5\/5 (62 opinii)","og_url":"https:\/\/ruedeskin.com\/en\/product\/restart-spf-50\/","og_site_name":"Rue de Skin Cosmetics","article_publisher":"https:\/\/www.facebook.com\/ruedeskincosmetics","article_modified_time":"2026-05-13T15:26:29+00:00","og_image":[{"width":1200,"height":1200,"url":"https:\/\/ruedeskin.com\/wp-content\/uploads\/2025\/07\/restart-spf-365.jpg","type":"image\/jpeg"}],"twitter_card":"summary_large_image","twitter_misc":{"Est. reading time":"1 minute"},"schema":{"@context":"https:\/\/schema.org","@graph":[{"@type":"WebPage","@id":"https:\/\/ruedeskin.com\/product\/restart-spf-50\/","url":"https:\/\/ruedeskin.com\/product\/restart-spf-50\/","name":"Najlepszy krem z filtrem SPF 50 (UVA + UVB) PA++++ | Rue de Skin","isPartOf":{"@id":"https:\/\/ruedeskin.com\/#website"},"primaryImageOfPage":{"@id":"https:\/\/ruedeskin.com\/product\/restart-spf-50\/#primaryimage"},"image":{"@id":"https:\/\/ruedeskin.com\/product\/restart-spf-50\/#primaryimage"},"thumbnailUrl":"https:\/\/ruedeskin.com\/wp-content\/uploads\/2025\/07\/restart-spf-365.jpg","datePublished":"2025-11-13T17:40:06+00:00","dateModified":"2026-05-13T15:26:29+00:00","description":"Najlepszy krem SPF 50 z filtrami UVA i UVB. Ultra lekka formu\u0142a nawil\u017caj\u0105ca. Idealna pod makija\u017c. Nie bieli sk\u00f3ry. Ocena klientek: 5\/5 (62 opinii)","breadcrumb":{"@id":"https:\/\/ruedeskin.com\/product\/restart-spf-50\/#breadcrumb"},"inLanguage":"en-US","potentialAction":[{"@type":"ReadAction","target":["https:\/\/ruedeskin.com\/product\/restart-spf-50\/"]}]},{"@type":"ImageObject","inLanguage":"en-US","@id":"https:\/\/ruedeskin.com\/product\/restart-spf-50\/#primaryimage","url":"https:\/\/ruedeskin.com\/wp-content\/uploads\/2025\/07\/restart-spf-365.jpg","contentUrl":"https:\/\/ruedeskin.com\/wp-content\/uploads\/2025\/07\/restart-spf-365.jpg","width":1200,"height":1200},{"@type":"BreadcrumbList","@id":"https:\/\/ruedeskin.com\/product\/restart-spf-50\/#breadcrumb","itemListElement":[{"@type":"ListItem","position":1,"name":"Strona g\u0142\u00f3wna","item":"https:\/\/ruedeskin.com\/"},{"@type":"ListItem","position":2,"name":"SKLEP","item":"https:\/\/ruedeskin.com\/sklep\/"},{"@type":"ListItem","position":3,"name":"RESTART SPF 50"}]},{"@type":"WebSite","@id":"https:\/\/ruedeskin.com\/#website","url":"https:\/\/ruedeskin.com\/","name":"Rue de Skin Cosmetics","description":"Professional facial care cosmetics","publisher":{"@id":"https:\/\/ruedeskin.com\/#organization"},"potentialAction":[{"@type":"SearchAction","target":{"@type":"EntryPoint","urlTemplate":"https:\/\/ruedeskin.com\/?s={search_term_string}"},"query-input":{"@type":"PropertyValueSpecification","valueRequired":true,"valueName":"search_term_string"}}],"inLanguage":"en-US"},{"@type":"Organization","@id":"https:\/\/ruedeskin.com\/#organization","name":"Rue de Skin Cosmetics","alternateName":"Rue de Skin","url":"https:\/\/ruedeskin.com\/","logo":{"@type":"ImageObject","inLanguage":"en-US","@id":"https:\/\/ruedeskin.com\/#\/schema\/logo\/image\/","url":"https:\/\/ruedeskin.com\/wp-content\/uploads\/2023\/09\/cropped-logo_200_79-1.png","contentUrl":"https:\/\/ruedeskin.com\/wp-content\/uploads\/2023\/09\/cropped-logo_200_79-1.png","width":834,"height":330,"caption":"Rue de Skin Cosmetics"},"image":{"@id":"https:\/\/ruedeskin.com\/#\/schema\/logo\/image\/"},"sameAs":["https:\/\/www.facebook.com\/ruedeskincosmetics","https:\/\/pl.pinterest.com\/ruedeskin","https:\/\/www.instagram.com\/ruedeskincosmetics","https:\/\/www.youtube.com\/@RueDeSkinCosmetics"]}]}},"_links":{"self":[{"href":"https:\/\/ruedeskin.com\/en\/wp-json\/wp\/v2\/product\/37910","targetHints":{"allow":["GET"]}}],"collection":[{"href":"https:\/\/ruedeskin.com\/en\/wp-json\/wp\/v2\/product"}],"about":[{"href":"https:\/\/ruedeskin.com\/en\/wp-json\/wp\/v2\/types\/product"}],"replies":[{"embeddable":true,"href":"https:\/\/ruedeskin.com\/en\/wp-json\/wp\/v2\/comments?post=37910"}],"version-history":[{"count":18,"href":"https:\/\/ruedeskin.com\/en\/wp-json\/wp\/v2\/product\/37910\/revisions"}],"predecessor-version":[{"id":54835,"href":"https:\/\/ruedeskin.com\/en\/wp-json\/wp\/v2\/product\/37910\/revisions\/54835"}],"wp:featuredmedia":[{"embeddable":true,"href":"https:\/\/ruedeskin.com\/en\/wp-json\/wp\/v2\/media\/42593"}],"wp:attachment":[{"href":"https:\/\/ruedeskin.com\/en\/wp-json\/wp\/v2\/media?parent=37910"}],"wp:term":[{"taxonomy":"product_brand","embeddable":true,"href":"https:\/\/ruedeskin.com\/en\/wp-json\/wp\/v2\/product_brand?post=37910"},{"taxonomy":"product_cat","embeddable":true,"href":"https:\/\/ruedeskin.com\/en\/wp-json\/wp\/v2\/product_cat?post=37910"},{"taxonomy":"product_tag","embeddable":true,"href":"https:\/\/ruedeskin.com\/en\/wp-json\/wp\/v2\/product_tag?post=37910"}],"curies":[{"name":"wp","href":"https:\/\/api.w.org\/{rel}","templated":true}]}}