{"id":36493,"date":"2024-01-10T12:38:52","date_gmt":"2024-01-10T11:38:52","guid":{"rendered":"https:\/\/ruedeskin.com\/?post_type=product&#038;p=36493"},"modified":"2026-04-20T16:31:35","modified_gmt":"2026-04-20T14:31:35","slug":"zestaw_gm","status":"publish","type":"product","link":"https:\/\/ruedeskin.com\/en\/product\/zestaw_gm\/","title":{"rendered":"PARIBOHO GIFT"},"content":{"rendered":"<p>Pariboho\u2014 jeden dodatek, tyle mo\u017cliwo\u015bci \ud83e\udd0d<\/p>\n<p>Chusty i bandany mo\u017cesz nosi\u0107 klasycznie na szyi\u2026<br \/>\nale to dopiero pocz\u0105tek.<\/p>\n<p>Zawi\u0105\u017c j\u0105 na pasie i dodaj charakteru swoim ulubionym d\u017cinsom \u2014<br \/>\ndenim i Pariboho to po\u0142\u0105czenie, kt\u00f3re zawsze dzia\u0142a \u2728<\/p>\n<p>Styl boho, luz i odrobina paryskiej nonszalancji \u2014 dok\u0142adnie tak, jak lubimy najbardziej.<\/p>\n<p><a class=\"x1i10hfl xjbqb8w x1ejq31n x18oe1m7 x1sy0etr xstzfhl x972fbf x10w94by x1qhh985 x14e42zd x9f619 x1ypdohk xt0psk2 x3ct3a4 xdj266r x14z9mp xat24cr x1lziwak xexx8yu xyri2b x18d9i69 x1c1uobl x16tdsg8 x1hl2dhg xggy1nq x1a2a7pz _aa9_ _a6hd\" tabindex=\"0\" role=\"link\" href=\"https:\/\/www.instagram.com\/explore\/tags\/parisbohot\/\">#ParisBohot<\/a> <a class=\"x1i10hfl xjbqb8w x1ejq31n x18oe1m7 x1sy0etr xstzfhl x972fbf x10w94by x1qhh985 x14e42zd x9f619 x1ypdohk xt0psk2 x3ct3a4 xdj266r x14z9mp xat24cr x1lziwak xexx8yu xyri2b x18d9i69 x1c1uobl x16tdsg8 x1hl2dhg xggy1nq x1a2a7pz _aa9_ _a6hd\" tabindex=\"0\" role=\"link\" href=\"https:\/\/www.instagram.com\/explore\/tags\/bohostyle\/\">#BohoStyle<\/a> <a class=\"x1i10hfl xjbqb8w x1ejq31n x18oe1m7 x1sy0etr xstzfhl x972fbf x10w94by x1qhh985 x14e42zd x9f619 x1ypdohk xt0psk2 x3ct3a4 xdj266r x14z9mp xat24cr x1lziwak xexx8yu xyri2b x18d9i69 x1c1uobl x16tdsg8 x1hl2dhg xggy1nq x1a2a7pz _aa9_ _a6hd\" tabindex=\"0\" role=\"link\" href=\"https:\/\/www.instagram.com\/explore\/tags\/denimlook\/\">#DenimLook<\/a> <a class=\"x1i10hfl xjbqb8w x1ejq31n x18oe1m7 x1sy0etr xstzfhl x972fbf x10w94by x1qhh985 x14e42zd x9f619 x1ypdohk xt0psk2 x3ct3a4 xdj266r x14z9mp xat24cr x1lziwak xexx8yu xyri2b x18d9i69 x1c1uobl x16tdsg8 x1hl2dhg xggy1nq x1a2a7pz _aa9_ _a6hd\" tabindex=\"0\" role=\"link\" href=\"https:\/\/www.instagram.com\/explore\/tags\/stylizacjadnia\/\">#StylizacjaDnia<\/a> <a class=\"x1i10hfl xjbqb8w x1ejq31n x18oe1m7 x1sy0etr xstzfhl x972fbf x10w94by x1qhh985 x14e42zd x9f619 x1ypdohk xt0psk2 x3ct3a4 xdj266r x14z9mp xat24cr x1lziwak xexx8yu xyri2b x18d9i69 x1c1uobl x16tdsg8 x1hl2dhg xggy1nq x1a2a7pz _aa9_ _a6hd\" tabindex=\"0\" role=\"link\" href=\"https:\/\/www.instagram.com\/explore\/tags\/bohovibes\/\">#BohoVibes<\/a><\/p>","protected":false},"excerpt":{"rendered":"<p>Pariboho\u2014 jeden dodatek, tyle mo\u017cliwo\u015bci \ud83e\udd0d Chusty i bandany mo\u017cesz nosi\u0107 klasycznie na szyi\u2026 ale to dopiero pocz\u0105tek. Zawi\u0105\u017c j\u0105 na pasie i dodaj charakteru swoim ulubionym d\u017cinsom \u2014 denim i Pariboho to po\u0142\u0105czenie, kt\u00f3re zawsze dzia\u0142a \u2728 Styl boho, luz i odrobina paryskiej nonszalancji \u2014 dok\u0142adnie tak, jak lubimy najbardziej. #ParisBohot #BohoStyle #DenimLook #StylizacjaDnia [&hellip;]<\/p>\n","protected":false},"featured_media":52624,"comment_status":"open","ping_status":"closed","template":"","meta":{"_acf_changed":false},"product_brand":[],"product_cat":[163],"product_tag":[],"class_list":{"0":"post-36493","1":"product","2":"type-product","3":"status-publish","4":"has-post-thumbnail","6":"product_cat-prezent","8":"first","9":"instock","10":"taxable","11":"shipping-taxable","12":"purchasable","13":"product-type-simple"},"bundled_by":[],"bundle_stock_status":"instock","bundle_stock_quantity":60,"bundle_virtual":false,"bundle_layout":"","bundle_add_to_cart_form_location":"","bundle_editable_in_cart":false,"bundle_sold_individually_context":"","bundle_item_grouping":"","bundle_min_size":"","bundle_max_size":"","bundle_price":[],"bundled_items":[],"bundle_sell_ids":[],"acf":[],"yoast_head":"<!-- This site is optimized with the Yoast SEO plugin v27.5 - https:\/\/yoast.com\/product\/yoast-seo-wordpress\/ -->\n<title>PARIBOHO PREZENT &#8211; Rue de Skin Cosmetics<\/title>\n<meta name=\"robots\" content=\"index, follow, max-snippet:-1, max-image-preview:large, max-video-preview:-1\" \/>\n<link rel=\"canonical\" href=\"https:\/\/ruedeskin.com\/en\/product\/zestaw_gm\/\" \/>\n<meta property=\"og:locale\" content=\"en_US\" \/>\n<meta property=\"og:type\" content=\"article\" \/>\n<meta property=\"og:title\" content=\"PARIBOHO PREZENT &#8211; Rue de Skin Cosmetics\" \/>\n<meta property=\"og:description\" content=\"Pariboho\u2014 jeden dodatek, tyle mo\u017cliwo\u015bci \ud83e\udd0d Chusty i bandany mo\u017cesz nosi\u0107 klasycznie na szyi\u2026 ale to dopiero pocz\u0105tek. Zawi\u0105\u017c j\u0105 na pasie i dodaj charakteru swoim ulubionym d\u017cinsom \u2014 denim i Pariboho to po\u0142\u0105czenie, kt\u00f3re zawsze dzia\u0142a \u2728 Styl boho, luz i odrobina paryskiej nonszalancji \u2014 dok\u0142adnie tak, jak lubimy najbardziej. #ParisBohot #BohoStyle #DenimLook #StylizacjaDnia [&hellip;]\" \/>\n<meta property=\"og:url\" content=\"https:\/\/ruedeskin.com\/en\/product\/zestaw_gm\/\" \/>\n<meta property=\"og:site_name\" content=\"Rue de Skin Cosmetics\" \/>\n<meta property=\"article:publisher\" content=\"https:\/\/www.facebook.com\/ruedeskincosmetics\" \/>\n<meta property=\"article:modified_time\" content=\"2026-04-20T14:31:35+00:00\" \/>\n<meta property=\"og:image\" content=\"https:\/\/ruedeskin.com\/wp-content\/uploads\/2024\/01\/retinyl-serum-bn-2.png\" \/>\n\t<meta property=\"og:image:width\" content=\"1000\" \/>\n\t<meta property=\"og:image:height\" content=\"1000\" \/>\n\t<meta property=\"og:image:type\" content=\"image\/png\" \/>\n<meta name=\"twitter:card\" content=\"summary_large_image\" \/>\n<meta name=\"twitter:label1\" content=\"Est. reading time\" \/>\n\t<meta name=\"twitter:data1\" content=\"1 minute\" \/>\n<script type=\"application\/ld+json\" class=\"yoast-schema-graph\">{\"@context\":\"https:\\\/\\\/schema.org\",\"@graph\":[{\"@type\":\"WebPage\",\"@id\":\"https:\\\/\\\/ruedeskin.com\\\/product\\\/zestaw_gm\\\/\",\"url\":\"https:\\\/\\\/ruedeskin.com\\\/product\\\/zestaw_gm\\\/\",\"name\":\"PARIBOHO PREZENT &#8211; Rue de Skin Cosmetics\",\"isPartOf\":{\"@id\":\"https:\\\/\\\/ruedeskin.com\\\/#website\"},\"primaryImageOfPage\":{\"@id\":\"https:\\\/\\\/ruedeskin.com\\\/product\\\/zestaw_gm\\\/#primaryimage\"},\"image\":{\"@id\":\"https:\\\/\\\/ruedeskin.com\\\/product\\\/zestaw_gm\\\/#primaryimage\"},\"thumbnailUrl\":\"https:\\\/\\\/ruedeskin.com\\\/wp-content\\\/uploads\\\/2024\\\/01\\\/retinyl-serum-bn-2.png\",\"datePublished\":\"2024-01-10T11:38:52+00:00\",\"dateModified\":\"2026-04-20T14:31:35+00:00\",\"breadcrumb\":{\"@id\":\"https:\\\/\\\/ruedeskin.com\\\/product\\\/zestaw_gm\\\/#breadcrumb\"},\"inLanguage\":\"en-US\",\"potentialAction\":[{\"@type\":\"ReadAction\",\"target\":[\"https:\\\/\\\/ruedeskin.com\\\/product\\\/zestaw_gm\\\/\"]}]},{\"@type\":\"ImageObject\",\"inLanguage\":\"en-US\",\"@id\":\"https:\\\/\\\/ruedeskin.com\\\/product\\\/zestaw_gm\\\/#primaryimage\",\"url\":\"https:\\\/\\\/ruedeskin.com\\\/wp-content\\\/uploads\\\/2024\\\/01\\\/retinyl-serum-bn-2.png\",\"contentUrl\":\"https:\\\/\\\/ruedeskin.com\\\/wp-content\\\/uploads\\\/2024\\\/01\\\/retinyl-serum-bn-2.png\",\"width\":1000,\"height\":1000},{\"@type\":\"BreadcrumbList\",\"@id\":\"https:\\\/\\\/ruedeskin.com\\\/product\\\/zestaw_gm\\\/#breadcrumb\",\"itemListElement\":[{\"@type\":\"ListItem\",\"position\":1,\"name\":\"Strona g\u0142\u00f3wna\",\"item\":\"https:\\\/\\\/ruedeskin.com\\\/\"},{\"@type\":\"ListItem\",\"position\":2,\"name\":\"SKLEP\",\"item\":\"https:\\\/\\\/ruedeskin.com\\\/sklep\\\/\"},{\"@type\":\"ListItem\",\"position\":3,\"name\":\"PARIBOHO PREZENT\"}]},{\"@type\":\"WebSite\",\"@id\":\"https:\\\/\\\/ruedeskin.com\\\/#website\",\"url\":\"https:\\\/\\\/ruedeskin.com\\\/\",\"name\":\"Rue de Skin Cosmetics\",\"description\":\"Profesjonalne kosmetyki do piel\u0119gnacji twarzy\",\"publisher\":{\"@id\":\"https:\\\/\\\/ruedeskin.com\\\/#organization\"},\"potentialAction\":[{\"@type\":\"SearchAction\",\"target\":{\"@type\":\"EntryPoint\",\"urlTemplate\":\"https:\\\/\\\/ruedeskin.com\\\/?s={search_term_string}\"},\"query-input\":{\"@type\":\"PropertyValueSpecification\",\"valueRequired\":true,\"valueName\":\"search_term_string\"}}],\"inLanguage\":\"en-US\"},{\"@type\":\"Organization\",\"@id\":\"https:\\\/\\\/ruedeskin.com\\\/#organization\",\"name\":\"Rue de Skin Cosmetics\",\"alternateName\":\"Rue de Skin\",\"url\":\"https:\\\/\\\/ruedeskin.com\\\/\",\"logo\":{\"@type\":\"ImageObject\",\"inLanguage\":\"en-US\",\"@id\":\"https:\\\/\\\/ruedeskin.com\\\/#\\\/schema\\\/logo\\\/image\\\/\",\"url\":\"https:\\\/\\\/ruedeskin.com\\\/wp-content\\\/uploads\\\/2023\\\/09\\\/cropped-logo_200_79-1.png\",\"contentUrl\":\"https:\\\/\\\/ruedeskin.com\\\/wp-content\\\/uploads\\\/2023\\\/09\\\/cropped-logo_200_79-1.png\",\"width\":834,\"height\":330,\"caption\":\"Rue de Skin Cosmetics\"},\"image\":{\"@id\":\"https:\\\/\\\/ruedeskin.com\\\/#\\\/schema\\\/logo\\\/image\\\/\"},\"sameAs\":[\"https:\\\/\\\/www.facebook.com\\\/ruedeskincosmetics\",\"https:\\\/\\\/pl.pinterest.com\\\/ruedeskin\",\"https:\\\/\\\/www.instagram.com\\\/ruedeskincosmetics\",\"https:\\\/\\\/www.youtube.com\\\/@RueDeSkinCosmetics\"]}]}<\/script>\n<!-- \/ Yoast SEO plugin. -->","yoast_head_json":{"title":"PARIBOHO PREZENT &#8211; Rue de Skin Cosmetics","robots":{"index":"index","follow":"follow","max-snippet":"max-snippet:-1","max-image-preview":"max-image-preview:large","max-video-preview":"max-video-preview:-1"},"canonical":"https:\/\/ruedeskin.com\/en\/product\/zestaw_gm\/","og_locale":"en_US","og_type":"article","og_title":"PARIBOHO PREZENT &#8211; Rue de Skin Cosmetics","og_description":"Pariboho\u2014 jeden dodatek, tyle mo\u017cliwo\u015bci \ud83e\udd0d Chusty i bandany mo\u017cesz nosi\u0107 klasycznie na szyi\u2026 ale to dopiero pocz\u0105tek. Zawi\u0105\u017c j\u0105 na pasie i dodaj charakteru swoim ulubionym d\u017cinsom \u2014 denim i Pariboho to po\u0142\u0105czenie, kt\u00f3re zawsze dzia\u0142a \u2728 Styl boho, luz i odrobina paryskiej nonszalancji \u2014 dok\u0142adnie tak, jak lubimy najbardziej. #ParisBohot #BohoStyle #DenimLook #StylizacjaDnia [&hellip;]","og_url":"https:\/\/ruedeskin.com\/en\/product\/zestaw_gm\/","og_site_name":"Rue de Skin Cosmetics","article_publisher":"https:\/\/www.facebook.com\/ruedeskincosmetics","article_modified_time":"2026-04-20T14:31:35+00:00","og_image":[{"width":1000,"height":1000,"url":"https:\/\/ruedeskin.com\/wp-content\/uploads\/2024\/01\/retinyl-serum-bn-2.png","type":"image\/png"}],"twitter_card":"summary_large_image","twitter_misc":{"Est. reading time":"1 minute"},"schema":{"@context":"https:\/\/schema.org","@graph":[{"@type":"WebPage","@id":"https:\/\/ruedeskin.com\/product\/zestaw_gm\/","url":"https:\/\/ruedeskin.com\/product\/zestaw_gm\/","name":"PARIBOHO PREZENT &#8211; Rue de Skin Cosmetics","isPartOf":{"@id":"https:\/\/ruedeskin.com\/#website"},"primaryImageOfPage":{"@id":"https:\/\/ruedeskin.com\/product\/zestaw_gm\/#primaryimage"},"image":{"@id":"https:\/\/ruedeskin.com\/product\/zestaw_gm\/#primaryimage"},"thumbnailUrl":"https:\/\/ruedeskin.com\/wp-content\/uploads\/2024\/01\/retinyl-serum-bn-2.png","datePublished":"2024-01-10T11:38:52+00:00","dateModified":"2026-04-20T14:31:35+00:00","breadcrumb":{"@id":"https:\/\/ruedeskin.com\/product\/zestaw_gm\/#breadcrumb"},"inLanguage":"en-US","potentialAction":[{"@type":"ReadAction","target":["https:\/\/ruedeskin.com\/product\/zestaw_gm\/"]}]},{"@type":"ImageObject","inLanguage":"en-US","@id":"https:\/\/ruedeskin.com\/product\/zestaw_gm\/#primaryimage","url":"https:\/\/ruedeskin.com\/wp-content\/uploads\/2024\/01\/retinyl-serum-bn-2.png","contentUrl":"https:\/\/ruedeskin.com\/wp-content\/uploads\/2024\/01\/retinyl-serum-bn-2.png","width":1000,"height":1000},{"@type":"BreadcrumbList","@id":"https:\/\/ruedeskin.com\/product\/zestaw_gm\/#breadcrumb","itemListElement":[{"@type":"ListItem","position":1,"name":"Strona g\u0142\u00f3wna","item":"https:\/\/ruedeskin.com\/"},{"@type":"ListItem","position":2,"name":"SKLEP","item":"https:\/\/ruedeskin.com\/sklep\/"},{"@type":"ListItem","position":3,"name":"PARIBOHO PREZENT"}]},{"@type":"WebSite","@id":"https:\/\/ruedeskin.com\/#website","url":"https:\/\/ruedeskin.com\/","name":"Rue de Skin Cosmetics","description":"Professional facial care cosmetics","publisher":{"@id":"https:\/\/ruedeskin.com\/#organization"},"potentialAction":[{"@type":"SearchAction","target":{"@type":"EntryPoint","urlTemplate":"https:\/\/ruedeskin.com\/?s={search_term_string}"},"query-input":{"@type":"PropertyValueSpecification","valueRequired":true,"valueName":"search_term_string"}}],"inLanguage":"en-US"},{"@type":"Organization","@id":"https:\/\/ruedeskin.com\/#organization","name":"Rue de Skin Cosmetics","alternateName":"Rue de Skin","url":"https:\/\/ruedeskin.com\/","logo":{"@type":"ImageObject","inLanguage":"en-US","@id":"https:\/\/ruedeskin.com\/#\/schema\/logo\/image\/","url":"https:\/\/ruedeskin.com\/wp-content\/uploads\/2023\/09\/cropped-logo_200_79-1.png","contentUrl":"https:\/\/ruedeskin.com\/wp-content\/uploads\/2023\/09\/cropped-logo_200_79-1.png","width":834,"height":330,"caption":"Rue de Skin Cosmetics"},"image":{"@id":"https:\/\/ruedeskin.com\/#\/schema\/logo\/image\/"},"sameAs":["https:\/\/www.facebook.com\/ruedeskincosmetics","https:\/\/pl.pinterest.com\/ruedeskin","https:\/\/www.instagram.com\/ruedeskincosmetics","https:\/\/www.youtube.com\/@RueDeSkinCosmetics"]}]}},"_links":{"self":[{"href":"https:\/\/ruedeskin.com\/en\/wp-json\/wp\/v2\/product\/36493","targetHints":{"allow":["GET"]}}],"collection":[{"href":"https:\/\/ruedeskin.com\/en\/wp-json\/wp\/v2\/product"}],"about":[{"href":"https:\/\/ruedeskin.com\/en\/wp-json\/wp\/v2\/types\/product"}],"replies":[{"embeddable":true,"href":"https:\/\/ruedeskin.com\/en\/wp-json\/wp\/v2\/comments?post=36493"}],"version-history":[{"count":6,"href":"https:\/\/ruedeskin.com\/en\/wp-json\/wp\/v2\/product\/36493\/revisions"}],"predecessor-version":[{"id":52625,"href":"https:\/\/ruedeskin.com\/en\/wp-json\/wp\/v2\/product\/36493\/revisions\/52625"}],"wp:featuredmedia":[{"embeddable":true,"href":"https:\/\/ruedeskin.com\/en\/wp-json\/wp\/v2\/media\/52624"}],"wp:attachment":[{"href":"https:\/\/ruedeskin.com\/en\/wp-json\/wp\/v2\/media?parent=36493"}],"wp:term":[{"taxonomy":"product_brand","embeddable":true,"href":"https:\/\/ruedeskin.com\/en\/wp-json\/wp\/v2\/product_brand?post=36493"},{"taxonomy":"product_cat","embeddable":true,"href":"https:\/\/ruedeskin.com\/en\/wp-json\/wp\/v2\/product_cat?post=36493"},{"taxonomy":"product_tag","embeddable":true,"href":"https:\/\/ruedeskin.com\/en\/wp-json\/wp\/v2\/product_tag?post=36493"}],"curies":[{"name":"wp","href":"https:\/\/api.w.org\/{rel}","templated":true}]}}