{"id":35375,"date":"2025-09-23T17:44:25","date_gmt":"2025-09-23T15:44:25","guid":{"rendered":"https:\/\/ruedeskin.com\/?post_type=product&#038;p=35375"},"modified":"2026-05-09T13:11:03","modified_gmt":"2026-05-09T11:11:03","slug":"zestaw-on","status":"publish","type":"product","link":"https:\/\/ruedeskin.com\/en\/product\/zestaw-on\/","title":{"rendered":"ON SET"},"content":{"rendered":"<p>ON powsta\u0142 dla sk\u00f3ry, kt\u00f3ra ma do\u015b\u0107: zimy, ci\u0105g\u0142ych eksperyment\u00f3w i zapchanych por\u00f3w. To prosty wieczorny re\u017cim, kt\u00f3ry wycisza stany zapalne, rozja\u015bnia poszarza\u0142\u0105 cer\u0119 i pomaga jej wr\u00f3ci\u0107 do r\u00f3wnowagi.<\/p>\n<p>Nie ma tu miejsca na przypadkowo\u015b\u0107. Zamiast kolejnej rewolucji &#8211; jeden prosty plan porz\u0105dkowania sk\u00f3ry, kt\u00f3ry mo\u017cesz powtarza\u0107 co noc, niezale\u017cnie od p\u0142ci, sezonu i poziomu zaawansowania w piel\u0119gnacji.<\/p>\n<p>Traktuj go jak 3-miesi\u0119czne wyzwanie regeneracyjne dla sk\u00f3ry: najpierw uspokojenie stan\u00f3w zapalnych, oczyszczenie por\u00f3w i rozja\u015bnienie przebarwie\u0144, potem odbudowa bariery i nawil\u017cenia. Minimum krok\u00f3w, maksimum efekt\u00f3w.<\/p>","protected":false},"excerpt":{"rendered":"<p>ON powsta\u0142 dla sk\u00f3ry, kt\u00f3ra ma do\u015b\u0107: zimy, ci\u0105g\u0142ych eksperyment\u00f3w i zapchanych por\u00f3w. To prosty wieczorny re\u017cim, kt\u00f3ry wycisza stany zapalne, rozja\u015bnia poszarza\u0142\u0105 cer\u0119 i pomaga jej wr\u00f3ci\u0107 do r\u00f3wnowagi.<\/p>\n<p>Nie ma tu miejsca na przypadkowo\u015b\u0107. Zamiast kolejnej rewolucji &#8211; jeden prosty plan porz\u0105dkowania sk\u00f3ry, kt\u00f3ry mo\u017cesz powtarza\u0107 co noc, niezale\u017cnie od p\u0142ci, sezonu i poziomu zaawansowania w piel\u0119gnacji.<\/p>\n<p>Traktuj go jak 3-miesi\u0119czne wyzwanie regeneracyjne dla sk\u00f3ry: najpierw uspokojenie stan\u00f3w zapalnych, oczyszczenie por\u00f3w i rozja\u015bnienie przebarwie\u0144, potem odbudowa bariery i nawil\u017cenia. Minimum krok\u00f3w, maksimum efekt\u00f3w.<\/p>","protected":false},"featured_media":42600,"comment_status":"open","ping_status":"closed","template":"","meta":{"_acf_changed":false},"product_brand":[],"product_cat":[131],"product_tag":[142],"class_list":{"0":"post-35375","1":"product","2":"type-product","3":"status-publish","4":"has-post-thumbnail","6":"product_cat-zestawy","7":"product_tag-zestaw-on","9":"first","10":"instock","11":"sale","12":"taxable","13":"shipping-taxable","14":"purchasable","15":"product-type-bundle"},"bundled_by":[],"bundle_stock_status":"instock","bundle_stock_quantity":392,"bundle_virtual":false,"bundle_layout":"grid","bundle_add_to_cart_form_location":"default","bundle_editable_in_cart":false,"bundle_sold_individually_context":"product","bundle_item_grouping":"parent","bundle_min_size":"","bundle_max_size":"","bundle_price":{"price":{"min":{"incl_tax":"690","excl_tax":"560.97561"},"max":{"incl_tax":"690","excl_tax":"560.97561"}},"regular_price":{"min":{"incl_tax":"730","excl_tax":"593.495935"},"max":{"incl_tax":"730","excl_tax":"593.495935"}}},"bundled_items":[{"bundled_item_id":17,"product_id":8001,"menu_order":0,"quantity_min":1,"quantity_max":1,"quantity_default":1,"priced_individually":false,"shipped_individually":false,"override_title":false,"title":"CERAMICS. NG\/PEPTI.\/NIACIN. CREAM","override_description":false,"description":"","optional":false,"hide_thumbnail":false,"discount":"","override_variations":false,"allowed_variations":[],"override_default_variation_attributes":false,"default_variation_attributes":[],"single_product_visibility":"visible","cart_visibility":"visible","order_visibility":"visible","single_product_price_visibility":"visible","cart_price_visibility":"visible","order_price_visibility":"visible","stock_status":"in_stock"},{"bundled_item_id":18,"product_id":8000,"menu_order":1,"quantity_min":1,"quantity_max":1,"quantity_default":1,"priced_individually":false,"shipped_individually":false,"override_title":false,"title":"NIACINAMIDE SERUM","override_description":false,"description":"","optional":false,"hide_thumbnail":false,"discount":"","override_variations":false,"allowed_variations":[],"override_default_variation_attributes":false,"default_variation_attributes":[],"single_product_visibility":"visible","cart_visibility":"visible","order_visibility":"visible","single_product_price_visibility":"visible","cart_price_visibility":"visible","order_price_visibility":"visible","stock_status":"in_stock"}],"bundle_sell_ids":[],"acf":[],"yoast_head":"<!-- This site is optimized with the Yoast SEO plugin v27.5 - https:\/\/yoast.com\/product\/yoast-seo-wordpress\/ -->\n<title>ZESTAW ON &#8211; Rue de Skin Cosmetics<\/title>\n<meta name=\"robots\" content=\"index, follow, max-snippet:-1, max-image-preview:large, max-video-preview:-1\" \/>\n<link rel=\"canonical\" href=\"https:\/\/ruedeskin.com\/en\/product\/zestaw-on\/\" \/>\n<meta property=\"og:locale\" content=\"en_US\" \/>\n<meta property=\"og:type\" content=\"article\" \/>\n<meta property=\"og:title\" content=\"ZESTAW ON &#8211; Rue de Skin Cosmetics\" \/>\n<meta property=\"og:description\" content=\"ON powsta\u0142 dla sk\u00f3ry, kt\u00f3ra ma do\u015b\u0107: zimy, ci\u0105g\u0142ych eksperyment\u00f3w i zapchanych por\u00f3w. To prosty wieczorny re\u017cim, kt\u00f3ry wycisza stany zapalne, rozja\u015bnia poszarza\u0142\u0105 cer\u0119 i pomaga jej wr\u00f3ci\u0107 do r\u00f3wnowagi.  Nie ma tu miejsca na przypadkowo\u015b\u0107. Zamiast kolejnej rewolucji - jeden prosty plan porz\u0105dkowania sk\u00f3ry, kt\u00f3ry mo\u017cesz powtarza\u0107 co noc, niezale\u017cnie od p\u0142ci, sezonu i poziomu zaawansowania w piel\u0119gnacji.  Traktuj go jak 3-miesi\u0119czne wyzwanie regeneracyjne dla sk\u00f3ry: najpierw uspokojenie stan\u00f3w zapalnych, oczyszczenie por\u00f3w i rozja\u015bnienie przebarwie\u0144, potem odbudowa bariery i nawil\u017cenia. Minimum krok\u00f3w, maksimum efekt\u00f3w.\" \/>\n<meta property=\"og:url\" content=\"https:\/\/ruedeskin.com\/en\/product\/zestaw-on\/\" \/>\n<meta property=\"og:site_name\" content=\"Rue de Skin Cosmetics\" \/>\n<meta property=\"article:publisher\" content=\"https:\/\/www.facebook.com\/ruedeskincosmetics\" \/>\n<meta property=\"article:modified_time\" content=\"2026-05-09T11:11:03+00:00\" \/>\n<meta property=\"og:image\" content=\"https:\/\/ruedeskin.com\/wp-content\/uploads\/2025\/09\/3.jpg\" \/>\n\t<meta property=\"og:image:width\" content=\"1000\" \/>\n\t<meta property=\"og:image:height\" content=\"1000\" \/>\n\t<meta property=\"og:image:type\" content=\"image\/jpeg\" \/>\n<meta name=\"twitter:card\" content=\"summary_large_image\" \/>\n<meta name=\"twitter:label1\" content=\"Est. reading time\" \/>\n\t<meta name=\"twitter:data1\" content=\"1 minute\" \/>\n<script type=\"application\/ld+json\" class=\"yoast-schema-graph\">{\"@context\":\"https:\\\/\\\/schema.org\",\"@graph\":[{\"@type\":\"WebPage\",\"@id\":\"https:\\\/\\\/ruedeskin.com\\\/product\\\/zestaw-on\\\/\",\"url\":\"https:\\\/\\\/ruedeskin.com\\\/product\\\/zestaw-on\\\/\",\"name\":\"ZESTAW ON &#8211; Rue de Skin Cosmetics\",\"isPartOf\":{\"@id\":\"https:\\\/\\\/ruedeskin.com\\\/#website\"},\"primaryImageOfPage\":{\"@id\":\"https:\\\/\\\/ruedeskin.com\\\/product\\\/zestaw-on\\\/#primaryimage\"},\"image\":{\"@id\":\"https:\\\/\\\/ruedeskin.com\\\/product\\\/zestaw-on\\\/#primaryimage\"},\"thumbnailUrl\":\"https:\\\/\\\/ruedeskin.com\\\/wp-content\\\/uploads\\\/2025\\\/09\\\/3.jpg\",\"datePublished\":\"2025-09-23T15:44:25+00:00\",\"dateModified\":\"2026-05-09T11:11:03+00:00\",\"breadcrumb\":{\"@id\":\"https:\\\/\\\/ruedeskin.com\\\/product\\\/zestaw-on\\\/#breadcrumb\"},\"inLanguage\":\"en-US\",\"potentialAction\":[{\"@type\":\"ReadAction\",\"target\":[\"https:\\\/\\\/ruedeskin.com\\\/product\\\/zestaw-on\\\/\"]}]},{\"@type\":\"ImageObject\",\"inLanguage\":\"en-US\",\"@id\":\"https:\\\/\\\/ruedeskin.com\\\/product\\\/zestaw-on\\\/#primaryimage\",\"url\":\"https:\\\/\\\/ruedeskin.com\\\/wp-content\\\/uploads\\\/2025\\\/09\\\/3.jpg\",\"contentUrl\":\"https:\\\/\\\/ruedeskin.com\\\/wp-content\\\/uploads\\\/2025\\\/09\\\/3.jpg\",\"width\":1000,\"height\":1000},{\"@type\":\"BreadcrumbList\",\"@id\":\"https:\\\/\\\/ruedeskin.com\\\/product\\\/zestaw-on\\\/#breadcrumb\",\"itemListElement\":[{\"@type\":\"ListItem\",\"position\":1,\"name\":\"Strona g\u0142\u00f3wna\",\"item\":\"https:\\\/\\\/ruedeskin.com\\\/\"},{\"@type\":\"ListItem\",\"position\":2,\"name\":\"SKLEP\",\"item\":\"https:\\\/\\\/ruedeskin.com\\\/sklep\\\/\"},{\"@type\":\"ListItem\",\"position\":3,\"name\":\"ZESTAW ON\"}]},{\"@type\":\"WebSite\",\"@id\":\"https:\\\/\\\/ruedeskin.com\\\/#website\",\"url\":\"https:\\\/\\\/ruedeskin.com\\\/\",\"name\":\"Rue de Skin Cosmetics\",\"description\":\"Profesjonalne kosmetyki do piel\u0119gnacji twarzy\",\"publisher\":{\"@id\":\"https:\\\/\\\/ruedeskin.com\\\/#organization\"},\"potentialAction\":[{\"@type\":\"SearchAction\",\"target\":{\"@type\":\"EntryPoint\",\"urlTemplate\":\"https:\\\/\\\/ruedeskin.com\\\/?s={search_term_string}\"},\"query-input\":{\"@type\":\"PropertyValueSpecification\",\"valueRequired\":true,\"valueName\":\"search_term_string\"}}],\"inLanguage\":\"en-US\"},{\"@type\":\"Organization\",\"@id\":\"https:\\\/\\\/ruedeskin.com\\\/#organization\",\"name\":\"Rue de Skin Cosmetics\",\"alternateName\":\"Rue de Skin\",\"url\":\"https:\\\/\\\/ruedeskin.com\\\/\",\"logo\":{\"@type\":\"ImageObject\",\"inLanguage\":\"en-US\",\"@id\":\"https:\\\/\\\/ruedeskin.com\\\/#\\\/schema\\\/logo\\\/image\\\/\",\"url\":\"https:\\\/\\\/ruedeskin.com\\\/wp-content\\\/uploads\\\/2023\\\/09\\\/cropped-logo_200_79-1.png\",\"contentUrl\":\"https:\\\/\\\/ruedeskin.com\\\/wp-content\\\/uploads\\\/2023\\\/09\\\/cropped-logo_200_79-1.png\",\"width\":834,\"height\":330,\"caption\":\"Rue de Skin Cosmetics\"},\"image\":{\"@id\":\"https:\\\/\\\/ruedeskin.com\\\/#\\\/schema\\\/logo\\\/image\\\/\"},\"sameAs\":[\"https:\\\/\\\/www.facebook.com\\\/ruedeskincosmetics\",\"https:\\\/\\\/pl.pinterest.com\\\/ruedeskin\",\"https:\\\/\\\/www.instagram.com\\\/ruedeskincosmetics\",\"https:\\\/\\\/www.youtube.com\\\/@RueDeSkinCosmetics\"]}]}<\/script>\n<!-- \/ Yoast SEO plugin. -->","yoast_head_json":{"title":"ZESTAW ON &#8211; Rue de Skin Cosmetics","robots":{"index":"index","follow":"follow","max-snippet":"max-snippet:-1","max-image-preview":"max-image-preview:large","max-video-preview":"max-video-preview:-1"},"canonical":"https:\/\/ruedeskin.com\/en\/product\/zestaw-on\/","og_locale":"en_US","og_type":"article","og_title":"ZESTAW ON &#8211; Rue de Skin Cosmetics","og_description":"ON powsta\u0142 dla sk\u00f3ry, kt\u00f3ra ma do\u015b\u0107: zimy, ci\u0105g\u0142ych eksperyment\u00f3w i zapchanych por\u00f3w. To prosty wieczorny re\u017cim, kt\u00f3ry wycisza stany zapalne, rozja\u015bnia poszarza\u0142\u0105 cer\u0119 i pomaga jej wr\u00f3ci\u0107 do r\u00f3wnowagi.  Nie ma tu miejsca na przypadkowo\u015b\u0107. Zamiast kolejnej rewolucji - jeden prosty plan porz\u0105dkowania sk\u00f3ry, kt\u00f3ry mo\u017cesz powtarza\u0107 co noc, niezale\u017cnie od p\u0142ci, sezonu i poziomu zaawansowania w piel\u0119gnacji.  Traktuj go jak 3-miesi\u0119czne wyzwanie regeneracyjne dla sk\u00f3ry: najpierw uspokojenie stan\u00f3w zapalnych, oczyszczenie por\u00f3w i rozja\u015bnienie przebarwie\u0144, potem odbudowa bariery i nawil\u017cenia. Minimum krok\u00f3w, maksimum efekt\u00f3w.","og_url":"https:\/\/ruedeskin.com\/en\/product\/zestaw-on\/","og_site_name":"Rue de Skin Cosmetics","article_publisher":"https:\/\/www.facebook.com\/ruedeskincosmetics","article_modified_time":"2026-05-09T11:11:03+00:00","og_image":[{"width":1000,"height":1000,"url":"https:\/\/ruedeskin.com\/wp-content\/uploads\/2025\/09\/3.jpg","type":"image\/jpeg"}],"twitter_card":"summary_large_image","twitter_misc":{"Est. reading time":"1 minute"},"schema":{"@context":"https:\/\/schema.org","@graph":[{"@type":"WebPage","@id":"https:\/\/ruedeskin.com\/product\/zestaw-on\/","url":"https:\/\/ruedeskin.com\/product\/zestaw-on\/","name":"ZESTAW ON &#8211; Rue de Skin Cosmetics","isPartOf":{"@id":"https:\/\/ruedeskin.com\/#website"},"primaryImageOfPage":{"@id":"https:\/\/ruedeskin.com\/product\/zestaw-on\/#primaryimage"},"image":{"@id":"https:\/\/ruedeskin.com\/product\/zestaw-on\/#primaryimage"},"thumbnailUrl":"https:\/\/ruedeskin.com\/wp-content\/uploads\/2025\/09\/3.jpg","datePublished":"2025-09-23T15:44:25+00:00","dateModified":"2026-05-09T11:11:03+00:00","breadcrumb":{"@id":"https:\/\/ruedeskin.com\/product\/zestaw-on\/#breadcrumb"},"inLanguage":"en-US","potentialAction":[{"@type":"ReadAction","target":["https:\/\/ruedeskin.com\/product\/zestaw-on\/"]}]},{"@type":"ImageObject","inLanguage":"en-US","@id":"https:\/\/ruedeskin.com\/product\/zestaw-on\/#primaryimage","url":"https:\/\/ruedeskin.com\/wp-content\/uploads\/2025\/09\/3.jpg","contentUrl":"https:\/\/ruedeskin.com\/wp-content\/uploads\/2025\/09\/3.jpg","width":1000,"height":1000},{"@type":"BreadcrumbList","@id":"https:\/\/ruedeskin.com\/product\/zestaw-on\/#breadcrumb","itemListElement":[{"@type":"ListItem","position":1,"name":"Strona g\u0142\u00f3wna","item":"https:\/\/ruedeskin.com\/"},{"@type":"ListItem","position":2,"name":"SKLEP","item":"https:\/\/ruedeskin.com\/sklep\/"},{"@type":"ListItem","position":3,"name":"ZESTAW ON"}]},{"@type":"WebSite","@id":"https:\/\/ruedeskin.com\/#website","url":"https:\/\/ruedeskin.com\/","name":"Rue de Skin Cosmetics","description":"Professional facial care cosmetics","publisher":{"@id":"https:\/\/ruedeskin.com\/#organization"},"potentialAction":[{"@type":"SearchAction","target":{"@type":"EntryPoint","urlTemplate":"https:\/\/ruedeskin.com\/?s={search_term_string}"},"query-input":{"@type":"PropertyValueSpecification","valueRequired":true,"valueName":"search_term_string"}}],"inLanguage":"en-US"},{"@type":"Organization","@id":"https:\/\/ruedeskin.com\/#organization","name":"Rue de Skin Cosmetics","alternateName":"Rue de Skin","url":"https:\/\/ruedeskin.com\/","logo":{"@type":"ImageObject","inLanguage":"en-US","@id":"https:\/\/ruedeskin.com\/#\/schema\/logo\/image\/","url":"https:\/\/ruedeskin.com\/wp-content\/uploads\/2023\/09\/cropped-logo_200_79-1.png","contentUrl":"https:\/\/ruedeskin.com\/wp-content\/uploads\/2023\/09\/cropped-logo_200_79-1.png","width":834,"height":330,"caption":"Rue de Skin Cosmetics"},"image":{"@id":"https:\/\/ruedeskin.com\/#\/schema\/logo\/image\/"},"sameAs":["https:\/\/www.facebook.com\/ruedeskincosmetics","https:\/\/pl.pinterest.com\/ruedeskin","https:\/\/www.instagram.com\/ruedeskincosmetics","https:\/\/www.youtube.com\/@RueDeSkinCosmetics"]}]}},"_links":{"self":[{"href":"https:\/\/ruedeskin.com\/en\/wp-json\/wp\/v2\/product\/35375","targetHints":{"allow":["GET"]}}],"collection":[{"href":"https:\/\/ruedeskin.com\/en\/wp-json\/wp\/v2\/product"}],"about":[{"href":"https:\/\/ruedeskin.com\/en\/wp-json\/wp\/v2\/types\/product"}],"replies":[{"embeddable":true,"href":"https:\/\/ruedeskin.com\/en\/wp-json\/wp\/v2\/comments?post=35375"}],"version-history":[{"count":12,"href":"https:\/\/ruedeskin.com\/en\/wp-json\/wp\/v2\/product\/35375\/revisions"}],"predecessor-version":[{"id":54634,"href":"https:\/\/ruedeskin.com\/en\/wp-json\/wp\/v2\/product\/35375\/revisions\/54634"}],"wp:featuredmedia":[{"embeddable":true,"href":"https:\/\/ruedeskin.com\/en\/wp-json\/wp\/v2\/media\/42600"}],"wp:attachment":[{"href":"https:\/\/ruedeskin.com\/en\/wp-json\/wp\/v2\/media?parent=35375"}],"wp:term":[{"taxonomy":"product_brand","embeddable":true,"href":"https:\/\/ruedeskin.com\/en\/wp-json\/wp\/v2\/product_brand?post=35375"},{"taxonomy":"product_cat","embeddable":true,"href":"https:\/\/ruedeskin.com\/en\/wp-json\/wp\/v2\/product_cat?post=35375"},{"taxonomy":"product_tag","embeddable":true,"href":"https:\/\/ruedeskin.com\/en\/wp-json\/wp\/v2\/product_tag?post=35375"}],"curies":[{"name":"wp","href":"https:\/\/api.w.org\/{rel}","templated":true}]}}