{"id":32682,"date":"2025-07-15T10:52:58","date_gmt":"2025-07-15T08:52:58","guid":{"rendered":"https:\/\/ruedeskin.com\/?post_type=product&#038;p=32682"},"modified":"2026-05-07T00:01:21","modified_gmt":"2026-05-06T22:01:21","slug":"zestaw-advanced","status":"publish","type":"product","link":"https:\/\/ruedeskin.com\/en\/product\/zestaw-advanced\/","title":{"rendered":"ADVANCED KIT"},"content":{"rendered":"<p><span style=\"font-weight: 400;\">Advanced is a complete regimen for those who approach skincare like a project &ndash; holistic, with a plan and a clearly defined goal. It&amp;#039;s a complete routine that organizes the skin&amp;#039;s day and night into a logical sequence: first, cleansing and antioxidant protection, followed by a calm, overnight rejuvenation and regeneration. &lt;br&gt;&lt;br&gt;<\/span><\/p>\n<p><span style=\"font-weight: 400;\">The face, neck, d\u00e9colletage, and lashes cease to be separate stories. They enter into a single, cohesive scenario, where each area is important. As a result, skincare ceases to be a collection of individual products and becomes a cohesive smart-aging strategy that works with time, not against it.<\/span><\/p>","protected":false},"excerpt":{"rendered":"<p><span style=\"font-weight: 400;\">Advanced is a complete regimen for those who approach skincare like a project &ndash; holistic, with a plan and a clearly defined goal. It&amp;#039;s a complete routine that organizes the skin&amp;#039;s day and night into a logical sequence: first, cleansing and antioxidant protection, followed by a calm, overnight rejuvenation and regeneration. &lt;br&gt;&lt;br&gt;<\/span><\/p>\n<p><span style=\"font-weight: 400;\">The face, neck, d\u00e9colletage, and lashes cease to be separate stories. They enter into a single, cohesive scenario, where each area is important. As a result, skincare ceases to be a collection of individual products and becomes a cohesive smart-aging strategy that works with time, not against it.<\/span><\/p>","protected":false},"featured_media":42773,"comment_status":"open","ping_status":"closed","template":"","meta":{"_acf_changed":false},"product_brand":[],"product_cat":[131],"product_tag":[144],"class_list":{"0":"post-32682","1":"product","2":"type-product","3":"status-publish","4":"has-post-thumbnail","6":"product_cat-zestawy","7":"product_tag-zestaw-advance","9":"first","10":"instock","11":"sale","12":"virtual","13":"taxable","14":"purchasable","15":"product-type-bundle"},"bundled_by":[],"bundle_stock_status":"instock","bundle_stock_quantity":77,"bundle_virtual":false,"bundle_layout":"grid","bundle_add_to_cart_form_location":"default","bundle_editable_in_cart":false,"bundle_sold_individually_context":"product","bundle_item_grouping":"parent","bundle_min_size":"","bundle_max_size":"","bundle_price":{"price":{"min":{"incl_tax":"1100","excl_tax":"894.308943"},"max":{"incl_tax":"1100","excl_tax":"894.308943"}},"regular_price":{"min":{"incl_tax":"1370","excl_tax":"1113.821138"},"max":{"incl_tax":"1370","excl_tax":"1113.821138"}}},"bundled_items":[{"bundled_item_id":6,"product_id":7972,"menu_order":0,"quantity_min":1,"quantity_max":1,"quantity_default":1,"priced_individually":false,"shipped_individually":false,"override_title":false,"title":"NECK LIFTING CREAM","override_description":false,"description":"","optional":false,"hide_thumbnail":false,"discount":"","override_variations":false,"allowed_variations":[],"override_default_variation_attributes":false,"default_variation_attributes":[],"single_product_visibility":"visible","cart_visibility":"visible","order_visibility":"visible","single_product_price_visibility":"visible","cart_price_visibility":"visible","order_price_visibility":"visible","stock_status":"in_stock"},{"bundled_item_id":7,"product_id":7999,"menu_order":1,"quantity_min":1,"quantity_max":1,"quantity_default":1,"priced_individually":false,"shipped_individually":false,"override_title":false,"title":"C\/E\/FERULIC SERUM","override_description":false,"description":"","optional":false,"hide_thumbnail":false,"discount":"","override_variations":false,"allowed_variations":[],"override_default_variation_attributes":false,"default_variation_attributes":[],"single_product_visibility":"visible","cart_visibility":"visible","order_visibility":"visible","single_product_price_visibility":"visible","cart_price_visibility":"visible","order_price_visibility":"visible","stock_status":"in_stock"},{"bundled_item_id":8,"product_id":8384,"menu_order":2,"quantity_min":1,"quantity_max":1,"quantity_default":1,"priced_individually":false,"shipped_individually":false,"override_title":false,"title":"ANAGEN BOOSTER","override_description":false,"description":"","optional":false,"hide_thumbnail":false,"discount":"","override_variations":false,"allowed_variations":[],"override_default_variation_attributes":false,"default_variation_attributes":[],"single_product_visibility":"visible","cart_visibility":"visible","order_visibility":"visible","single_product_price_visibility":"visible","cart_price_visibility":"visible","order_price_visibility":"visible","stock_status":"in_stock"},{"bundled_item_id":12,"product_id":16203,"menu_order":3,"quantity_min":1,"quantity_max":1,"quantity_default":1,"priced_individually":false,"shipped_individually":false,"override_title":false,"title":"RETINYL SERUM","override_description":false,"description":"","optional":false,"hide_thumbnail":false,"discount":"","override_variations":false,"allowed_variations":[],"override_default_variation_attributes":false,"default_variation_attributes":[],"single_product_visibility":"visible","cart_visibility":"visible","order_visibility":"visible","single_product_price_visibility":"visible","cart_price_visibility":"visible","order_price_visibility":"visible","stock_status":"in_stock"},{"bundled_item_id":16,"product_id":32787,"menu_order":4,"quantity_min":1,"quantity_max":1,"quantity_default":1,"priced_individually":false,"shipped_individually":false,"override_title":false,"title":"RESET GEL","override_description":false,"description":"","optional":false,"hide_thumbnail":false,"discount":"","override_variations":false,"allowed_variations":[],"override_default_variation_attributes":false,"default_variation_attributes":[],"single_product_visibility":"visible","cart_visibility":"visible","order_visibility":"visible","single_product_price_visibility":"visible","cart_price_visibility":"visible","order_price_visibility":"visible","stock_status":"in_stock"}],"bundle_sell_ids":[],"acf":[],"yoast_head":"<!-- This site is optimized with the Yoast SEO plugin v27.5 - https:\/\/yoast.com\/product\/yoast-seo-wordpress\/ -->\n<title>ZESTAW ADVANCED &#8211; Rue de Skin Cosmetics<\/title>\n<meta name=\"robots\" content=\"index, follow, max-snippet:-1, max-image-preview:large, max-video-preview:-1\" \/>\n<link rel=\"canonical\" href=\"https:\/\/ruedeskin.com\/en\/product\/zestaw-advanced\/\" \/>\n<meta property=\"og:locale\" content=\"en_US\" \/>\n<meta property=\"og:type\" content=\"article\" \/>\n<meta property=\"og:title\" content=\"ZESTAW ADVANCED &#8211; Rue de Skin Cosmetics\" \/>\n<meta property=\"og:description\" content=\"Advanced to pe\u0142ny re\u017cim dla tych, kt\u00f3rzy traktuj\u0105 piel\u0119gnacj\u0119 jak projekt - ca\u0142o\u015bciowo,\u00a0 z planem i jasno okre\u015blonym celem. To kompletna rutyna, kt\u00f3ra uk\u0142ada dzie\u0144 i noc sk\u00f3ry w logiczn\u0105 sekwencj\u0119: najpierw oczyszczenie i tarcza antyoksydacyjna, nast\u0119pnie spokojna, nocna przebudowa i regeneracja. &lt;br&gt;&lt;br&gt;  Twarz, szyja, dekolt i rz\u0119sy przestaj\u0105 by\u0107 osobnymi historiami. Wchodz\u0105 w jeden, sp\u00f3jny scenariusz, w kt\u00f3rym ka\u017cdy obszar ma znaczenie. W efekcie piel\u0119gnacja przestaje by\u0107 zbiorem pojedynczych produkt\u00f3w, a staje si\u0119 sp\u00f3jn\u0105 strategi\u0105 smart-aging, kt\u00f3ra pracuje z czasem, nie przeciw niemu.\" \/>\n<meta property=\"og:url\" content=\"https:\/\/ruedeskin.com\/en\/product\/zestaw-advanced\/\" \/>\n<meta property=\"og:site_name\" content=\"Rue de Skin Cosmetics\" \/>\n<meta property=\"article:publisher\" content=\"https:\/\/www.facebook.com\/ruedeskincosmetics\" \/>\n<meta property=\"article:modified_time\" content=\"2026-05-06T22:01:21+00:00\" \/>\n<meta property=\"og:image\" content=\"https:\/\/ruedeskin.com\/wp-content\/uploads\/2026\/02\/ruedeskin-advanced-serum-z-vit-C-e-ferulic-reset-gel.png\" \/>\n\t<meta property=\"og:image:width\" content=\"1000\" \/>\n\t<meta property=\"og:image:height\" content=\"1000\" \/>\n\t<meta property=\"og:image:type\" content=\"image\/png\" \/>\n<meta name=\"twitter:card\" content=\"summary_large_image\" \/>\n<meta name=\"twitter:label1\" content=\"Est. reading time\" \/>\n\t<meta name=\"twitter:data1\" content=\"1 minute\" \/>\n<script type=\"application\/ld+json\" class=\"yoast-schema-graph\">{\"@context\":\"https:\\\/\\\/schema.org\",\"@graph\":[{\"@type\":\"WebPage\",\"@id\":\"https:\\\/\\\/ruedeskin.com\\\/product\\\/zestaw-advanced\\\/\",\"url\":\"https:\\\/\\\/ruedeskin.com\\\/product\\\/zestaw-advanced\\\/\",\"name\":\"ZESTAW ADVANCED &#8211; Rue de Skin Cosmetics\",\"isPartOf\":{\"@id\":\"https:\\\/\\\/ruedeskin.com\\\/#website\"},\"primaryImageOfPage\":{\"@id\":\"https:\\\/\\\/ruedeskin.com\\\/product\\\/zestaw-advanced\\\/#primaryimage\"},\"image\":{\"@id\":\"https:\\\/\\\/ruedeskin.com\\\/product\\\/zestaw-advanced\\\/#primaryimage\"},\"thumbnailUrl\":\"https:\\\/\\\/ruedeskin.com\\\/wp-content\\\/uploads\\\/2026\\\/02\\\/ruedeskin-advanced-serum-z-vit-C-e-ferulic-reset-gel.png\",\"datePublished\":\"2025-07-15T08:52:58+00:00\",\"dateModified\":\"2026-05-06T22:01:21+00:00\",\"breadcrumb\":{\"@id\":\"https:\\\/\\\/ruedeskin.com\\\/product\\\/zestaw-advanced\\\/#breadcrumb\"},\"inLanguage\":\"en-US\",\"potentialAction\":[{\"@type\":\"ReadAction\",\"target\":[\"https:\\\/\\\/ruedeskin.com\\\/product\\\/zestaw-advanced\\\/\"]}]},{\"@type\":\"ImageObject\",\"inLanguage\":\"en-US\",\"@id\":\"https:\\\/\\\/ruedeskin.com\\\/product\\\/zestaw-advanced\\\/#primaryimage\",\"url\":\"https:\\\/\\\/ruedeskin.com\\\/wp-content\\\/uploads\\\/2026\\\/02\\\/ruedeskin-advanced-serum-z-vit-C-e-ferulic-reset-gel.png\",\"contentUrl\":\"https:\\\/\\\/ruedeskin.com\\\/wp-content\\\/uploads\\\/2026\\\/02\\\/ruedeskin-advanced-serum-z-vit-C-e-ferulic-reset-gel.png\",\"width\":1000,\"height\":1000},{\"@type\":\"BreadcrumbList\",\"@id\":\"https:\\\/\\\/ruedeskin.com\\\/product\\\/zestaw-advanced\\\/#breadcrumb\",\"itemListElement\":[{\"@type\":\"ListItem\",\"position\":1,\"name\":\"Strona g\u0142\u00f3wna\",\"item\":\"https:\\\/\\\/ruedeskin.com\\\/\"},{\"@type\":\"ListItem\",\"position\":2,\"name\":\"SKLEP\",\"item\":\"https:\\\/\\\/ruedeskin.com\\\/sklep\\\/\"},{\"@type\":\"ListItem\",\"position\":3,\"name\":\"ZESTAW ADVANCED\"}]},{\"@type\":\"WebSite\",\"@id\":\"https:\\\/\\\/ruedeskin.com\\\/#website\",\"url\":\"https:\\\/\\\/ruedeskin.com\\\/\",\"name\":\"Rue de Skin Cosmetics\",\"description\":\"Profesjonalne kosmetyki do piel\u0119gnacji twarzy\",\"publisher\":{\"@id\":\"https:\\\/\\\/ruedeskin.com\\\/#organization\"},\"potentialAction\":[{\"@type\":\"SearchAction\",\"target\":{\"@type\":\"EntryPoint\",\"urlTemplate\":\"https:\\\/\\\/ruedeskin.com\\\/?s={search_term_string}\"},\"query-input\":{\"@type\":\"PropertyValueSpecification\",\"valueRequired\":true,\"valueName\":\"search_term_string\"}}],\"inLanguage\":\"en-US\"},{\"@type\":\"Organization\",\"@id\":\"https:\\\/\\\/ruedeskin.com\\\/#organization\",\"name\":\"Rue de Skin Cosmetics\",\"alternateName\":\"Rue de Skin\",\"url\":\"https:\\\/\\\/ruedeskin.com\\\/\",\"logo\":{\"@type\":\"ImageObject\",\"inLanguage\":\"en-US\",\"@id\":\"https:\\\/\\\/ruedeskin.com\\\/#\\\/schema\\\/logo\\\/image\\\/\",\"url\":\"https:\\\/\\\/ruedeskin.com\\\/wp-content\\\/uploads\\\/2023\\\/09\\\/cropped-logo_200_79-1.png\",\"contentUrl\":\"https:\\\/\\\/ruedeskin.com\\\/wp-content\\\/uploads\\\/2023\\\/09\\\/cropped-logo_200_79-1.png\",\"width\":834,\"height\":330,\"caption\":\"Rue de Skin Cosmetics\"},\"image\":{\"@id\":\"https:\\\/\\\/ruedeskin.com\\\/#\\\/schema\\\/logo\\\/image\\\/\"},\"sameAs\":[\"https:\\\/\\\/www.facebook.com\\\/ruedeskincosmetics\",\"https:\\\/\\\/pl.pinterest.com\\\/ruedeskin\",\"https:\\\/\\\/www.instagram.com\\\/ruedeskincosmetics\",\"https:\\\/\\\/www.youtube.com\\\/@RueDeSkinCosmetics\"]}]}<\/script>\n<!-- \/ Yoast SEO plugin. -->","yoast_head_json":{"title":"ZESTAW ADVANCED &#8211; Rue de Skin Cosmetics","robots":{"index":"index","follow":"follow","max-snippet":"max-snippet:-1","max-image-preview":"max-image-preview:large","max-video-preview":"max-video-preview:-1"},"canonical":"https:\/\/ruedeskin.com\/en\/product\/zestaw-advanced\/","og_locale":"en_US","og_type":"article","og_title":"ZESTAW ADVANCED &#8211; Rue de Skin Cosmetics","og_description":"Advanced to pe\u0142ny re\u017cim dla tych, kt\u00f3rzy traktuj\u0105 piel\u0119gnacj\u0119 jak projekt - ca\u0142o\u015bciowo,\u00a0 z planem i jasno okre\u015blonym celem. To kompletna rutyna, kt\u00f3ra uk\u0142ada dzie\u0144 i noc sk\u00f3ry w logiczn\u0105 sekwencj\u0119: najpierw oczyszczenie i tarcza antyoksydacyjna, nast\u0119pnie spokojna, nocna przebudowa i regeneracja. &lt;br&gt;&lt;br&gt;  Twarz, szyja, dekolt i rz\u0119sy przestaj\u0105 by\u0107 osobnymi historiami. Wchodz\u0105 w jeden, sp\u00f3jny scenariusz, w kt\u00f3rym ka\u017cdy obszar ma znaczenie. W efekcie piel\u0119gnacja przestaje by\u0107 zbiorem pojedynczych produkt\u00f3w, a staje si\u0119 sp\u00f3jn\u0105 strategi\u0105 smart-aging, kt\u00f3ra pracuje z czasem, nie przeciw niemu.","og_url":"https:\/\/ruedeskin.com\/en\/product\/zestaw-advanced\/","og_site_name":"Rue de Skin Cosmetics","article_publisher":"https:\/\/www.facebook.com\/ruedeskincosmetics","article_modified_time":"2026-05-06T22:01:21+00:00","og_image":[{"width":1000,"height":1000,"url":"https:\/\/ruedeskin.com\/wp-content\/uploads\/2026\/02\/ruedeskin-advanced-serum-z-vit-C-e-ferulic-reset-gel.png","type":"image\/png"}],"twitter_card":"summary_large_image","twitter_misc":{"Est. reading time":"1 minute"},"schema":{"@context":"https:\/\/schema.org","@graph":[{"@type":"WebPage","@id":"https:\/\/ruedeskin.com\/product\/zestaw-advanced\/","url":"https:\/\/ruedeskin.com\/product\/zestaw-advanced\/","name":"ZESTAW ADVANCED &#8211; Rue de Skin Cosmetics","isPartOf":{"@id":"https:\/\/ruedeskin.com\/#website"},"primaryImageOfPage":{"@id":"https:\/\/ruedeskin.com\/product\/zestaw-advanced\/#primaryimage"},"image":{"@id":"https:\/\/ruedeskin.com\/product\/zestaw-advanced\/#primaryimage"},"thumbnailUrl":"https:\/\/ruedeskin.com\/wp-content\/uploads\/2026\/02\/ruedeskin-advanced-serum-z-vit-C-e-ferulic-reset-gel.png","datePublished":"2025-07-15T08:52:58+00:00","dateModified":"2026-05-06T22:01:21+00:00","breadcrumb":{"@id":"https:\/\/ruedeskin.com\/product\/zestaw-advanced\/#breadcrumb"},"inLanguage":"en-US","potentialAction":[{"@type":"ReadAction","target":["https:\/\/ruedeskin.com\/product\/zestaw-advanced\/"]}]},{"@type":"ImageObject","inLanguage":"en-US","@id":"https:\/\/ruedeskin.com\/product\/zestaw-advanced\/#primaryimage","url":"https:\/\/ruedeskin.com\/wp-content\/uploads\/2026\/02\/ruedeskin-advanced-serum-z-vit-C-e-ferulic-reset-gel.png","contentUrl":"https:\/\/ruedeskin.com\/wp-content\/uploads\/2026\/02\/ruedeskin-advanced-serum-z-vit-C-e-ferulic-reset-gel.png","width":1000,"height":1000},{"@type":"BreadcrumbList","@id":"https:\/\/ruedeskin.com\/product\/zestaw-advanced\/#breadcrumb","itemListElement":[{"@type":"ListItem","position":1,"name":"Strona g\u0142\u00f3wna","item":"https:\/\/ruedeskin.com\/"},{"@type":"ListItem","position":2,"name":"SKLEP","item":"https:\/\/ruedeskin.com\/sklep\/"},{"@type":"ListItem","position":3,"name":"ZESTAW ADVANCED"}]},{"@type":"WebSite","@id":"https:\/\/ruedeskin.com\/#website","url":"https:\/\/ruedeskin.com\/","name":"Rue de Skin Cosmetics","description":"Professional facial care cosmetics","publisher":{"@id":"https:\/\/ruedeskin.com\/#organization"},"potentialAction":[{"@type":"SearchAction","target":{"@type":"EntryPoint","urlTemplate":"https:\/\/ruedeskin.com\/?s={search_term_string}"},"query-input":{"@type":"PropertyValueSpecification","valueRequired":true,"valueName":"search_term_string"}}],"inLanguage":"en-US"},{"@type":"Organization","@id":"https:\/\/ruedeskin.com\/#organization","name":"Rue de Skin Cosmetics","alternateName":"Rue de Skin","url":"https:\/\/ruedeskin.com\/","logo":{"@type":"ImageObject","inLanguage":"en-US","@id":"https:\/\/ruedeskin.com\/#\/schema\/logo\/image\/","url":"https:\/\/ruedeskin.com\/wp-content\/uploads\/2023\/09\/cropped-logo_200_79-1.png","contentUrl":"https:\/\/ruedeskin.com\/wp-content\/uploads\/2023\/09\/cropped-logo_200_79-1.png","width":834,"height":330,"caption":"Rue de Skin Cosmetics"},"image":{"@id":"https:\/\/ruedeskin.com\/#\/schema\/logo\/image\/"},"sameAs":["https:\/\/www.facebook.com\/ruedeskincosmetics","https:\/\/pl.pinterest.com\/ruedeskin","https:\/\/www.instagram.com\/ruedeskincosmetics","https:\/\/www.youtube.com\/@RueDeSkinCosmetics"]}]}},"_links":{"self":[{"href":"https:\/\/ruedeskin.com\/en\/wp-json\/wp\/v2\/product\/32682","targetHints":{"allow":["GET"]}}],"collection":[{"href":"https:\/\/ruedeskin.com\/en\/wp-json\/wp\/v2\/product"}],"about":[{"href":"https:\/\/ruedeskin.com\/en\/wp-json\/wp\/v2\/types\/product"}],"replies":[{"embeddable":true,"href":"https:\/\/ruedeskin.com\/en\/wp-json\/wp\/v2\/comments?post=32682"}],"version-history":[{"count":8,"href":"https:\/\/ruedeskin.com\/en\/wp-json\/wp\/v2\/product\/32682\/revisions"}],"predecessor-version":[{"id":54647,"href":"https:\/\/ruedeskin.com\/en\/wp-json\/wp\/v2\/product\/32682\/revisions\/54647"}],"wp:featuredmedia":[{"embeddable":true,"href":"https:\/\/ruedeskin.com\/en\/wp-json\/wp\/v2\/media\/42773"}],"wp:attachment":[{"href":"https:\/\/ruedeskin.com\/en\/wp-json\/wp\/v2\/media?parent=32682"}],"wp:term":[{"taxonomy":"product_brand","embeddable":true,"href":"https:\/\/ruedeskin.com\/en\/wp-json\/wp\/v2\/product_brand?post=32682"},{"taxonomy":"product_cat","embeddable":true,"href":"https:\/\/ruedeskin.com\/en\/wp-json\/wp\/v2\/product_cat?post=32682"},{"taxonomy":"product_tag","embeddable":true,"href":"https:\/\/ruedeskin.com\/en\/wp-json\/wp\/v2\/product_tag?post=32682"}],"curies":[{"name":"wp","href":"https:\/\/api.w.org\/{rel}","templated":true}]}}